{"id":22024,"date":"2020-11-26T17:08:10","date_gmt":"2020-11-26T17:08:10","guid":{"rendered":"http:\/\/wellnessnutrition.se\/?page_id=22024"},"modified":"2021-03-18T08:56:48","modified_gmt":"2021-03-18T08:56:48","slug":"my-boost","status":"publish","type":"page","link":"https:\/\/wellnessnutrition.se\/index.php\/my-boost\/","title":{"rendered":"MY BOOST"},"content":{"rendered":"\t\t<div data-elementor-type=\"wp-page\" data-elementor-id=\"22024\" class=\"elementor elementor-22024\" data-elementor-settings=\"[]\">\n\t\t\t\t\t\t<div class=\"elementor-inner\">\n\t\t\t\t\t\t\t<div class=\"elementor-section-wrap\">\n\t\t\t\t\t\t\t<section class=\"elementor-section elementor-top-section elementor-element elementor-element-58264f8 elementor-section-full_width elementor-section-height-min-height elementor-section-items-top elementor-section-content-top elementor-section-stretched elementor-section-height-default\" data-id=\"58264f8\" data-element_type=\"section\" data-settings=\"{&quot;stretch_section&quot;:&quot;section-stretched&quot;}\">\n\t\t\t\t\t\t<div class=\"elementor-container elementor-column-gap-no\">\n\t\t\t\t\t\t\t<div class=\"elementor-row\">\n\t\t\t\t\t<div class=\"elementor-column elementor-col-100 elementor-top-column elementor-element elementor-element-7063488\" data-id=\"7063488\" data-element_type=\"column\">\n\t\t\t<div class=\"elementor-column-wrap elementor-element-populated\">\n\t\t\t\t\t\t\t<div class=\"elementor-widget-wrap\">\n\t\t\t\t\t\t<div class=\"elementor-element elementor-element-da708fe elementor-widget elementor-widget-image\" data-id=\"da708fe\" data-element_type=\"widget\" data-widget_type=\"image.default\">\n\t\t\t\t<div class=\"elementor-widget-container\">\n\t\t\t\t\t<div class=\"elementor-image\">\n\t\t\t\t\t\t\t\t\t\t<img width=\"2292\" height=\"917\" src=\"https:\/\/wellnessnutrition.se\/wp-content\/uploads\/2021\/02\/MY-BOOST-1.jpg\" class=\"attachment-full size-full\" alt=\"\" loading=\"lazy\" srcset=\"https:\/\/wellnessnutrition.se\/wp-content\/uploads\/2021\/02\/MY-BOOST-1.jpg 2292w, https:\/\/wellnessnutrition.se\/wp-content\/uploads\/2021\/02\/MY-BOOST-1-300x120.jpg 300w, https:\/\/wellnessnutrition.se\/wp-content\/uploads\/2021\/02\/MY-BOOST-1-1024x410.jpg 1024w, https:\/\/wellnessnutrition.se\/wp-content\/uploads\/2021\/02\/MY-BOOST-1-768x307.jpg 768w, https:\/\/wellnessnutrition.se\/wp-content\/uploads\/2021\/02\/MY-BOOST-1-1536x615.jpg 1536w, https:\/\/wellnessnutrition.se\/wp-content\/uploads\/2021\/02\/MY-BOOST-1-2048x819.jpg 2048w\" sizes=\"(max-width: 2292px) 100vw, 2292px\" \/>\t\t\t\t\t\t\t\t\t\t\t<\/div>\n\t\t\t\t<\/div>\n\t\t\t\t<\/div>\n\t\t\t\t\t\t<\/div>\n\t\t\t\t\t<\/div>\n\t\t<\/div>\n\t\t\t\t\t\t\t\t<\/div>\n\t\t\t\t\t<\/div>\n\t\t<\/section>\n\t\t\t\t<section class=\"elementor-section elementor-top-section elementor-element elementor-element-849f77e elementor-section-boxed elementor-section-height-default elementor-section-height-default\" data-id=\"849f77e\" data-element_type=\"section\">\n\t\t\t\t\t\t<div class=\"elementor-container elementor-column-gap-default\">\n\t\t\t\t\t\t\t<div class=\"elementor-row\">\n\t\t\t\t\t<div class=\"elementor-column elementor-col-100 elementor-top-column elementor-element elementor-element-d83c9c8\" data-id=\"d83c9c8\" data-element_type=\"column\">\n\t\t\t<div class=\"elementor-column-wrap elementor-element-populated\">\n\t\t\t\t\t\t\t<div class=\"elementor-widget-wrap\">\n\t\t\t\t\t\t<div class=\"elementor-element elementor-element-88428fa elementor-widget elementor-widget-heading\" data-id=\"88428fa\" data-element_type=\"widget\" data-widget_type=\"heading.default\">\n\t\t\t\t<div class=\"elementor-widget-container\">\n\t\t\t<h1 class=\"elementor-heading-title elementor-size-default\">MY BOOST<\/h1>\t\t<\/div>\n\t\t\t\t<\/div>\n\t\t\t\t<div class=\"elementor-element elementor-element-105b708 elementor-widget-divider--view-line elementor-widget elementor-widget-divider\" data-id=\"105b708\" data-element_type=\"widget\" data-widget_type=\"divider.default\">\n\t\t\t\t<div class=\"elementor-widget-container\">\n\t\t\t\t\t<div class=\"elementor-divider\">\n\t\t\t<span class=\"elementor-divider-separator\">\n\t\t\t\t\t\t<\/span>\n\t\t<\/div>\n\t\t\t\t<\/div>\n\t\t\t\t<\/div>\n\t\t\t\t<div class=\"elementor-element elementor-element-cfbf90f elementor-widget elementor-widget-text-editor\" data-id=\"cfbf90f\" data-element_type=\"widget\" data-widget_type=\"text-editor.default\">\n\t\t\t\t<div class=\"elementor-widget-container\">\n\t\t\t\t\t<div class=\"elementor-text-editor elementor-clearfix\"><p>My Boost \u00e4r en sockerfri, funktionell dryck inf\u00f6r och under tr\u00e4ning. Drycken inneh\u00e5ller vitamin D, som bidrar till immunsystemets normala funktion. Vitamin D bidrar till att bibelh\u00e5lla normal muskelfunktion.<\/p><p>Det \u00e4r viktigt med en m\u00e5ngsidig och balanserad kost samt en h\u00e4lsosam livsstil.<\/p><\/div>\n\t\t\t\t<\/div>\n\t\t\t\t<\/div>\n\t\t\t\t<div class=\"elementor-element elementor-element-858fedd elementor-widget-divider--view-line elementor-widget elementor-widget-divider\" data-id=\"858fedd\" data-element_type=\"widget\" data-widget_type=\"divider.default\">\n\t\t\t\t<div class=\"elementor-widget-container\">\n\t\t\t\t\t<div class=\"elementor-divider\">\n\t\t\t<span class=\"elementor-divider-separator\">\n\t\t\t\t\t\t<\/span>\n\t\t<\/div>\n\t\t\t\t<\/div>\n\t\t\t\t<\/div>\n\t\t\t\t\t\t<\/div>\n\t\t\t\t\t<\/div>\n\t\t<\/div>\n\t\t\t\t\t\t\t\t<\/div>\n\t\t\t\t\t<\/div>\n\t\t<\/section>\n\t\t\t\t<section class=\"elementor-section elementor-top-section elementor-element elementor-element-15133d9 elementor-section-boxed elementor-section-height-default elementor-section-height-default\" data-id=\"15133d9\" data-element_type=\"section\">\n\t\t\t\t\t\t<div class=\"elementor-container elementor-column-gap-default\">\n\t\t\t\t\t\t\t<div class=\"elementor-row\">\n\t\t\t\t\t<div class=\"elementor-column elementor-col-50 elementor-top-column elementor-element elementor-element-6cad115\" data-id=\"6cad115\" data-element_type=\"column\">\n\t\t\t<div class=\"elementor-column-wrap elementor-element-populated\">\n\t\t\t\t\t\t\t<div class=\"elementor-widget-wrap\">\n\t\t\t\t\t\t<div class=\"elementor-element elementor-element-e3085c7 elementor-arrows-position-inside elementor-pagination-position-outside elementor-widget elementor-widget-image-carousel\" data-id=\"e3085c7\" data-element_type=\"widget\" data-settings=\"{&quot;slides_to_show&quot;:&quot;1&quot;,&quot;navigation&quot;:&quot;both&quot;,&quot;autoplay&quot;:&quot;yes&quot;,&quot;pause_on_hover&quot;:&quot;yes&quot;,&quot;pause_on_interaction&quot;:&quot;yes&quot;,&quot;autoplay_speed&quot;:5000,&quot;infinite&quot;:&quot;yes&quot;,&quot;effect&quot;:&quot;slide&quot;,&quot;speed&quot;:500}\" data-widget_type=\"image-carousel.default\">\n\t\t\t\t<div class=\"elementor-widget-container\">\n\t\t\t\t\t<div class=\"elementor-image-carousel-wrapper swiper-container\" dir=\"ltr\">\n\t\t\t<div class=\"elementor-image-carousel swiper-wrapper\">\n\t\t\t\t<div class=\"swiper-slide\"><figure class=\"swiper-slide-inner\"><img class=\"swiper-slide-image\" src=\"https:\/\/wellnessnutrition.se\/wp-content\/uploads\/2021\/01\/MyBoost-Mango.png\" alt=\"MyBoost Mango\" \/><\/figure><\/div><div class=\"swiper-slide\"><figure class=\"swiper-slide-inner\"><img class=\"swiper-slide-image\" src=\"https:\/\/wellnessnutrition.se\/wp-content\/uploads\/2021\/01\/photo-1601493700631-2b16ec4b4716.png\" alt=\"photo-1601493700631-2b16ec4b4716\" \/><\/figure><\/div><div class=\"swiper-slide\"><figure class=\"swiper-slide-inner\"><img class=\"swiper-slide-image\" src=\"https:\/\/wellnessnutrition.se\/wp-content\/uploads\/2021\/01\/139735519_2097779787025581_5917393890377755695_n1.jpg\" alt=\"139735519_2097779787025581_5917393890377755695_n(1)\" \/><\/figure><\/div>\t\t\t<\/div>\n\t\t\t\t\t\t\t\t\t\t\t\t<div class=\"swiper-pagination\"><\/div>\n\t\t\t\t\t\t\t\t\t\t\t\t\t<div class=\"elementor-swiper-button elementor-swiper-button-prev\">\n\t\t\t\t\t\t<i class=\"eicon-chevron-left\" aria-hidden=\"true\"><\/i>\n\t\t\t\t\t\t<span class=\"elementor-screen-only\">Previous<\/span>\n\t\t\t\t\t<\/div>\n\t\t\t\t\t<div class=\"elementor-swiper-button elementor-swiper-button-next\">\n\t\t\t\t\t\t<i class=\"eicon-chevron-right\" aria-hidden=\"true\"><\/i>\n\t\t\t\t\t\t<span class=\"elementor-screen-only\">Next<\/span>\n\t\t\t\t\t<\/div>\n\t\t\t\t\t\t\t\t\t<\/div>\n\t\t\t\t<\/div>\n\t\t\t\t<\/div>\n\t\t\t\t\t\t<\/div>\n\t\t\t\t\t<\/div>\n\t\t<\/div>\n\t\t\t\t<div class=\"elementor-column elementor-col-50 elementor-top-column elementor-element elementor-element-b08eef9\" data-id=\"b08eef9\" data-element_type=\"column\">\n\t\t\t<div class=\"elementor-column-wrap elementor-element-populated\">\n\t\t\t\t\t\t\t<div class=\"elementor-widget-wrap\">\n\t\t\t\t\t\t<div class=\"elementor-element elementor-element-e000a76 elementor-widget elementor-widget-heading\" data-id=\"e000a76\" data-element_type=\"widget\" data-widget_type=\"heading.default\">\n\t\t\t\t<div class=\"elementor-widget-container\">\n\t\t\t<h2 class=\"elementor-heading-title elementor-size-default\">Smooth Mango<\/h2>\t\t<\/div>\n\t\t\t\t<\/div>\n\t\t\t\t<div class=\"elementor-element elementor-element-7d0136f elementor-widget elementor-widget-text-editor\" data-id=\"7d0136f\" data-element_type=\"widget\" data-widget_type=\"text-editor.default\">\n\t\t\t\t<div class=\"elementor-widget-container\">\n\t\t\t\t\t<div class=\"elementor-text-editor elementor-clearfix\"><p class=\"MsoNormal\"><b><span style=\"font-size: 12.0pt; line-height: 107%;\">Allergiinformation<\/span><\/b><span style=\"font-size: 12.0pt; line-height: 107%;\">:<br>Inneh\u00e5ller s\u00f6tningsmedel. <br>H\u00f6g koffeinhalt, 61mg\/100ml. <\/span><\/p>\n<p>Rekommenderas ej f\u00f6r barn under 15 \u00e5r, gravida eller ammande kvinnor.<br><span style=\"font-style: inherit; font-family: var( --e-global-typography-text-font-family ), Sans-serif;\"><span style=\"line-height: 107%;\"><br><span style=\"font-size: 12pt;\"><b>N\u00e4ringsdeklaration per 100 ml<\/b><\/span><\/span><\/span><span style=\"font-style: inherit; font-weight: inherit; font-family: var( --e-global-typography-text-font-family ), Sans-serif; font-size: 12pt; line-height: 107%;\">:<br><\/span><span style=\"font-size: 12pt; font-style: inherit; font-weight: inherit; font-family: var( --e-global-typography-text-font-family ), Sans-serif;\">Energi&nbsp; \u2013 8 kj\/2 kcal<br><\/span><span style=\"font-size: 12pt; font-style: inherit; font-weight: inherit; font-family: var( --e-global-typography-text-font-family ), Sans-serif;\">Salt &#8211; 0,01 g<br><\/span><span style=\"font-style: inherit; font-weight: inherit; font-family: var( --e-global-typography-text-font-family ), Sans-serif; font-size: 12pt; line-height: 107%;\">Vitamin D \u2013 0,75 <\/span><span style=\"font-style: inherit; font-weight: inherit; background-image: initial; background-position: initial; background-size: initial; background-repeat: initial; background-attachment: initial; background-origin: initial; background-clip: initial; line-height: 107%;\"><font color=\"#000000\" face=\"Arial, sans-serif\"><span style=\"font-size: 10.5pt;\">\u00b5g (15%)<\/span><span style=\"font-size: 14px;\"><br><\/span><\/font><\/span><span style=\"font-size: 12pt; font-style: inherit; font-weight: inherit; font-family: var( --e-global-typography-text-font-family ), Sans-serif;\">Kolin \u2013 25 mg<br><\/span><span style=\"font-size: 12pt; font-style: inherit; font-weight: inherit; font-family: var( --e-global-typography-text-font-family ), Sans-serif;\">Koffein \u2013 61 mg&nbsp;<\/span><\/p><\/div>\n\t\t\t\t<\/div>\n\t\t\t\t<\/div>\n\t\t\t\t\t\t<\/div>\n\t\t\t\t\t<\/div>\n\t\t<\/div>\n\t\t\t\t\t\t\t\t<\/div>\n\t\t\t\t\t<\/div>\n\t\t<\/section>\n\t\t\t\t<section class=\"elementor-section elementor-top-section elementor-element elementor-element-0008573 elementor-section-boxed elementor-section-height-default elementor-section-height-default\" data-id=\"0008573\" data-element_type=\"section\">\n\t\t\t\t\t\t<div class=\"elementor-container elementor-column-gap-default\">\n\t\t\t\t\t\t\t<div class=\"elementor-row\">\n\t\t\t\t\t<div class=\"elementor-column elementor-col-50 elementor-top-column elementor-element elementor-element-5b374b6\" data-id=\"5b374b6\" data-element_type=\"column\">\n\t\t\t<div class=\"elementor-column-wrap elementor-element-populated\">\n\t\t\t\t\t\t\t<div class=\"elementor-widget-wrap\">\n\t\t\t\t\t\t<div class=\"elementor-element elementor-element-26cb0a2 elementor-widget elementor-widget-heading\" data-id=\"26cb0a2\" data-element_type=\"widget\" data-widget_type=\"heading.default\">\n\t\t\t\t<div class=\"elementor-widget-container\">\n\t\t\t<h2 class=\"elementor-heading-title elementor-size-default\">Pink Lemonade<\/h2>\t\t<\/div>\n\t\t\t\t<\/div>\n\t\t\t\t<div class=\"elementor-element elementor-element-2c70e2c elementor-widget elementor-widget-text-editor\" data-id=\"2c70e2c\" data-element_type=\"widget\" data-widget_type=\"text-editor.default\">\n\t\t\t\t<div class=\"elementor-widget-container\">\n\t\t\t\t\t<div class=\"elementor-text-editor elementor-clearfix\"><p class=\"MsoNormal\"><b><span style=\"font-size:12.0pt;line-height:107%\">Allergiinformation<\/span><\/b><span style=\"font-size:12.0pt;line-height:107%\">:<br>\nInneh\u00e5ller s\u00f6tningsmedel. <br>\nH\u00f6g koffeinhalt, 61mg\/100ml. <br>\n<br>\nRekommenderas ej f\u00f6r barn under 15 \u00e5r, gravida eller ammande kvinnor. <o:p><\/o:p><\/span><\/p><p>\n\n<\/p><p class=\"MsoNormal\"><b><span style=\"font-size:12.0pt;line-height:107%\">N\u00e4ringsdeklaration\nper 100 ml<\/span><\/b><span style=\"font-size:12.0pt;line-height:107%\">:<br>\nEnergi&nbsp; \u2013 8 kj\/2 kcal<br>\nSalt &#8211; 0,01 g<br>\nVitamin D \u2013 0,75 <\/span><span style=\"font-size: 10.5pt; line-height: 107%; font-family: Arial, sans-serif; color: black; background-image: initial; background-position: initial; background-size: initial; background-repeat: initial; background-attachment: initial; background-origin: initial; background-clip: initial;\">\u00b5g (15%)<\/span><span style=\"font-size:12.0pt;line-height:107%\"><br>\nKolin \u2013 25 mg<br>\nKoffein \u2013 61 mg&nbsp;<o:p><\/o:p><\/span><\/p><\/div>\n\t\t\t\t<\/div>\n\t\t\t\t<\/div>\n\t\t\t\t\t\t<\/div>\n\t\t\t\t\t<\/div>\n\t\t<\/div>\n\t\t\t\t<div class=\"elementor-column elementor-col-50 elementor-top-column elementor-element elementor-element-6dfeb06\" data-id=\"6dfeb06\" data-element_type=\"column\">\n\t\t\t<div class=\"elementor-column-wrap elementor-element-populated\">\n\t\t\t\t\t\t\t<div class=\"elementor-widget-wrap\">\n\t\t\t\t\t\t<div class=\"elementor-element elementor-element-57e908b elementor-arrows-position-inside elementor-pagination-position-outside elementor-widget elementor-widget-image-carousel\" data-id=\"57e908b\" data-element_type=\"widget\" data-settings=\"{&quot;slides_to_show&quot;:&quot;1&quot;,&quot;navigation&quot;:&quot;both&quot;,&quot;autoplay&quot;:&quot;yes&quot;,&quot;pause_on_hover&quot;:&quot;yes&quot;,&quot;pause_on_interaction&quot;:&quot;yes&quot;,&quot;autoplay_speed&quot;:5000,&quot;infinite&quot;:&quot;yes&quot;,&quot;effect&quot;:&quot;slide&quot;,&quot;speed&quot;:500}\" data-widget_type=\"image-carousel.default\">\n\t\t\t\t<div class=\"elementor-widget-container\">\n\t\t\t\t\t<div class=\"elementor-image-carousel-wrapper swiper-container\" dir=\"ltr\">\n\t\t\t<div class=\"elementor-image-carousel swiper-wrapper\">\n\t\t\t\t<div class=\"swiper-slide\"><figure class=\"swiper-slide-inner\"><img class=\"swiper-slide-image\" src=\"https:\/\/wellnessnutrition.se\/wp-content\/uploads\/2021\/01\/MyBoost-Pink-Lemonade.png\" alt=\"MyBoost Pink Lemonade\" \/><\/figure><\/div><div class=\"swiper-slide\"><figure class=\"swiper-slide-inner\"><img class=\"swiper-slide-image\" src=\"https:\/\/wellnessnutrition.se\/wp-content\/uploads\/2021\/01\/47692633_271067706905460_3883722617007493690_n1.jpg\" alt=\"47692633_271067706905460_3883722617007493690_n(1)\" \/><\/figure><\/div>\t\t\t<\/div>\n\t\t\t\t\t\t\t\t\t\t\t\t<div class=\"swiper-pagination\"><\/div>\n\t\t\t\t\t\t\t\t\t\t\t\t\t<div class=\"elementor-swiper-button elementor-swiper-button-prev\">\n\t\t\t\t\t\t<i class=\"eicon-chevron-left\" aria-hidden=\"true\"><\/i>\n\t\t\t\t\t\t<span class=\"elementor-screen-only\">Previous<\/span>\n\t\t\t\t\t<\/div>\n\t\t\t\t\t<div class=\"elementor-swiper-button elementor-swiper-button-next\">\n\t\t\t\t\t\t<i class=\"eicon-chevron-right\" aria-hidden=\"true\"><\/i>\n\t\t\t\t\t\t<span class=\"elementor-screen-only\">Next<\/span>\n\t\t\t\t\t<\/div>\n\t\t\t\t\t\t\t\t\t<\/div>\n\t\t\t\t<\/div>\n\t\t\t\t<\/div>\n\t\t\t\t\t\t<\/div>\n\t\t\t\t\t<\/div>\n\t\t<\/div>\n\t\t\t\t\t\t\t\t<\/div>\n\t\t\t\t\t<\/div>\n\t\t<\/section>\n\t\t\t\t\t\t<\/div>\n\t\t\t\t\t\t<\/div>\n\t\t\t\t\t<\/div>\n\t\t","protected":false},"excerpt":{"rendered":"<p>MY BOOST My Boost \u00e4r en sockerfri, funktionell dryck inf\u00f6r och under tr\u00e4ning. Drycken inneh\u00e5ller vitamin D, som bidrar till immunsystemets normala funktion. Vitamin D bidrar till att bibelh\u00e5lla normal muskelfunktion. Det \u00e4r viktigt med en m\u00e5ngsidig och balanserad kost samt en h\u00e4lsosam livsstil. Previous Next Smooth Mango Allergiinformation:Inneh\u00e5ller s\u00f6tningsmedel. H\u00f6g koffeinhalt, 61mg\/100ml. Rekommenderas ej &hellip;<\/p>\n<p class=\"read-more\"> <a class=\"\" href=\"https:\/\/wellnessnutrition.se\/index.php\/my-boost\/\"> <span class=\"screen-reader-text\">MY BOOST<\/span> Read More &raquo;<\/a><\/p>\n","protected":false},"author":1,"featured_media":0,"parent":0,"menu_order":0,"comment_status":"closed","ping_status":"closed","template":"","meta":[],"_links":{"self":[{"href":"https:\/\/wellnessnutrition.se\/index.php\/wp-json\/wp\/v2\/pages\/22024"}],"collection":[{"href":"https:\/\/wellnessnutrition.se\/index.php\/wp-json\/wp\/v2\/pages"}],"about":[{"href":"https:\/\/wellnessnutrition.se\/index.php\/wp-json\/wp\/v2\/types\/page"}],"author":[{"embeddable":true,"href":"https:\/\/wellnessnutrition.se\/index.php\/wp-json\/wp\/v2\/users\/1"}],"replies":[{"embeddable":true,"href":"https:\/\/wellnessnutrition.se\/index.php\/wp-json\/wp\/v2\/comments?post=22024"}],"version-history":[{"count":73,"href":"https:\/\/wellnessnutrition.se\/index.php\/wp-json\/wp\/v2\/pages\/22024\/revisions"}],"predecessor-version":[{"id":23175,"href":"https:\/\/wellnessnutrition.se\/index.php\/wp-json\/wp\/v2\/pages\/22024\/revisions\/23175"}],"wp:attachment":[{"href":"https:\/\/wellnessnutrition.se\/index.php\/wp-json\/wp\/v2\/media?parent=22024"}],"curies":[{"name":"wp","href":"https:\/\/api.w.org\/{rel}","templated":true}]}}