{"id":22026,"date":"2020-11-26T17:08:10","date_gmt":"2020-11-26T17:08:10","guid":{"rendered":"http:\/\/wellnessnutrition.se\/?page_id=22026"},"modified":"2021-03-29T16:22:29","modified_gmt":"2021-03-29T16:22:29","slug":"my-choice","status":"publish","type":"page","link":"http:\/\/wellnessnutrition.se\/index.php\/my-choice\/","title":{"rendered":"MY CHOICE"},"content":{"rendered":"\t\t<div data-elementor-type=\"wp-page\" data-elementor-id=\"22026\" class=\"elementor elementor-22026\" data-elementor-settings=\"[]\">\n\t\t\t\t\t\t<div class=\"elementor-inner\">\n\t\t\t\t\t\t\t<div class=\"elementor-section-wrap\">\n\t\t\t\t\t\t\t<section class=\"elementor-section elementor-top-section elementor-element elementor-element-93f8856 elementor-section-full_width elementor-section-height-min-height elementor-section-items-top elementor-section-content-top elementor-section-stretched elementor-section-height-default\" data-id=\"93f8856\" data-element_type=\"section\" data-settings=\"{&quot;stretch_section&quot;:&quot;section-stretched&quot;}\">\n\t\t\t\t\t\t<div class=\"elementor-container elementor-column-gap-no\">\n\t\t\t\t\t\t\t<div class=\"elementor-row\">\n\t\t\t\t\t<div class=\"elementor-column elementor-col-100 elementor-top-column elementor-element elementor-element-1df400d\" data-id=\"1df400d\" data-element_type=\"column\">\n\t\t\t<div class=\"elementor-column-wrap elementor-element-populated\">\n\t\t\t\t\t\t\t<div class=\"elementor-widget-wrap\">\n\t\t\t\t\t\t<div class=\"elementor-element elementor-element-dd1f24a elementor-widget elementor-widget-image\" data-id=\"dd1f24a\" data-element_type=\"widget\" data-widget_type=\"image.default\">\n\t\t\t\t<div class=\"elementor-widget-container\">\n\t\t\t\t\t<div class=\"elementor-image\">\n\t\t\t\t\t\t\t\t\t\t<img width=\"2292\" height=\"917\" src=\"http:\/\/wellnessnutrition.se\/wp-content\/uploads\/2021\/02\/MY-CHOICE.jpg\" class=\"attachment-full size-full\" alt=\"\" loading=\"lazy\" srcset=\"http:\/\/wellnessnutrition.se\/wp-content\/uploads\/2021\/02\/MY-CHOICE.jpg 2292w, http:\/\/wellnessnutrition.se\/wp-content\/uploads\/2021\/02\/MY-CHOICE-300x120.jpg 300w, http:\/\/wellnessnutrition.se\/wp-content\/uploads\/2021\/02\/MY-CHOICE-1024x410.jpg 1024w, http:\/\/wellnessnutrition.se\/wp-content\/uploads\/2021\/02\/MY-CHOICE-768x307.jpg 768w, http:\/\/wellnessnutrition.se\/wp-content\/uploads\/2021\/02\/MY-CHOICE-1536x615.jpg 1536w, http:\/\/wellnessnutrition.se\/wp-content\/uploads\/2021\/02\/MY-CHOICE-2048x819.jpg 2048w\" sizes=\"(max-width: 2292px) 100vw, 2292px\" \/>\t\t\t\t\t\t\t\t\t\t\t<\/div>\n\t\t\t\t<\/div>\n\t\t\t\t<\/div>\n\t\t\t\t\t\t<\/div>\n\t\t\t\t\t<\/div>\n\t\t<\/div>\n\t\t\t\t\t\t\t\t<\/div>\n\t\t\t\t\t<\/div>\n\t\t<\/section>\n\t\t\t\t<section class=\"elementor-section elementor-top-section elementor-element elementor-element-c3e8358 elementor-section-boxed elementor-section-height-default elementor-section-height-default\" data-id=\"c3e8358\" data-element_type=\"section\">\n\t\t\t\t\t\t<div class=\"elementor-container elementor-column-gap-default\">\n\t\t\t\t\t\t\t<div class=\"elementor-row\">\n\t\t\t\t\t<div class=\"elementor-column elementor-col-100 elementor-top-column elementor-element elementor-element-f7c8620\" data-id=\"f7c8620\" data-element_type=\"column\">\n\t\t\t<div class=\"elementor-column-wrap elementor-element-populated\">\n\t\t\t\t\t\t\t<div class=\"elementor-widget-wrap\">\n\t\t\t\t\t\t<div class=\"elementor-element elementor-element-88b74f7 elementor-widget elementor-widget-heading\" data-id=\"88b74f7\" data-element_type=\"widget\" data-widget_type=\"heading.default\">\n\t\t\t\t<div class=\"elementor-widget-container\">\n\t\t\t<h1 class=\"elementor-heading-title elementor-size-default\">MY CHOICE<\/h1>\t\t<\/div>\n\t\t\t\t<\/div>\n\t\t\t\t<div class=\"elementor-element elementor-element-1b6ebac elementor-widget-divider--view-line elementor-widget elementor-widget-divider\" data-id=\"1b6ebac\" data-element_type=\"widget\" data-widget_type=\"divider.default\">\n\t\t\t\t<div class=\"elementor-widget-container\">\n\t\t\t\t\t<div class=\"elementor-divider\">\n\t\t\t<span class=\"elementor-divider-separator\">\n\t\t\t\t\t\t<\/span>\n\t\t<\/div>\n\t\t\t\t<\/div>\n\t\t\t\t<\/div>\n\t\t\t\t<div class=\"elementor-element elementor-element-0b5d173 elementor-widget elementor-widget-text-editor\" data-id=\"0b5d173\" data-element_type=\"widget\" data-widget_type=\"text-editor.default\">\n\t\t\t\t<div class=\"elementor-widget-container\">\n\t\t\t\t\t<div class=\"elementor-text-editor elementor-clearfix\"><p class=\"MsoNormal\"><span style=\"font-size: 12.0pt; line-height: 107%;\">My Choice \u00e4r en proteinbar som har ett h\u00f6gt proteininneh\u00e5ll och fungerar perfekt som mellanm\u00e5l. \u00c4kta choklad\u00f6verdrag utan tillsatt socker och palmolja. \u00c4r garanterat n\u00f6tfria, inga n\u00f6tter hanteras i denna svenska fabrik. Finns i tv\u00e5 olika smaker.<\/span><\/p><\/div>\n\t\t\t\t<\/div>\n\t\t\t\t<\/div>\n\t\t\t\t<div class=\"elementor-element elementor-element-703ffcc elementor-widget-divider--view-line elementor-widget elementor-widget-divider\" data-id=\"703ffcc\" data-element_type=\"widget\" data-widget_type=\"divider.default\">\n\t\t\t\t<div class=\"elementor-widget-container\">\n\t\t\t\t\t<div class=\"elementor-divider\">\n\t\t\t<span class=\"elementor-divider-separator\">\n\t\t\t\t\t\t<\/span>\n\t\t<\/div>\n\t\t\t\t<\/div>\n\t\t\t\t<\/div>\n\t\t\t\t\t\t<\/div>\n\t\t\t\t\t<\/div>\n\t\t<\/div>\n\t\t\t\t\t\t\t\t<\/div>\n\t\t\t\t\t<\/div>\n\t\t<\/section>\n\t\t\t\t<section class=\"elementor-section elementor-top-section elementor-element elementor-element-cfa10d0 elementor-section-boxed elementor-section-height-default elementor-section-height-default\" data-id=\"cfa10d0\" data-element_type=\"section\">\n\t\t\t\t\t\t<div class=\"elementor-container elementor-column-gap-default\">\n\t\t\t\t\t\t\t<div class=\"elementor-row\">\n\t\t\t\t\t<div class=\"elementor-column elementor-col-50 elementor-top-column elementor-element elementor-element-9f2cbd3\" data-id=\"9f2cbd3\" data-element_type=\"column\">\n\t\t\t<div class=\"elementor-column-wrap elementor-element-populated\">\n\t\t\t\t\t\t\t<div class=\"elementor-widget-wrap\">\n\t\t\t\t\t\t<div class=\"elementor-element elementor-element-3847141 elementor-widget elementor-widget-heading\" data-id=\"3847141\" data-element_type=\"widget\" data-widget_type=\"heading.default\">\n\t\t\t\t<div class=\"elementor-widget-container\">\n\t\t\t<h2 class=\"elementor-heading-title elementor-size-default\">Salted Caramel<\/h2>\t\t<\/div>\n\t\t\t\t<\/div>\n\t\t\t\t<div class=\"elementor-element elementor-element-5b46339 elementor-widget elementor-widget-text-editor\" data-id=\"5b46339\" data-element_type=\"widget\" data-widget_type=\"text-editor.default\">\n\t\t\t\t<div class=\"elementor-widget-container\">\n\t\t\t\t\t<div class=\"elementor-text-editor elementor-clearfix\"><p style=\"font-size: 15px; font-style: normal; font-weight: 400;\"><span style=\"font-weight: bold;\"><span style=\"font-size: 12pt; line-height: 17.12px;\">Allergiinformation<\/span><\/span><span style=\"font-size: 12pt; line-height: 17.12px;\">:<br \/>Kan inneh\u00e5lla sp\u00e5r av \u00e4gg.<br \/>Inneh\u00e5ller mj\u00f6lk och soja.<br \/>Inneh\u00e5ller inget tillsatt socker.<br \/>Inneh\u00e5ller polyoler \u2013 \u00f6verdriven konsumtion kan ha en laxerande effekt.<\/span><\/p><p style=\"font-size: 15px; font-style: normal; font-weight: 400;\">\u00a0<\/p><p style=\"font-size: 15px; font-style: normal; font-weight: 400;\"><span style=\"font-weight: bold;\"><span style=\"font-size: 12pt; line-height: 17.12px;\">N\u00e4ringsdeklaration per 100 g<\/span><\/span><span style=\"font-size: 12pt; line-height: 17.12px;\">:<br \/><\/span><span style=\"font-size: 12pt; color: var( --e-global-color-text ); font-family: var( --e-global-typography-text-font-family ), Sans-serif;\">Energi (kj) \u2013 1562 kj\/372 kcal<br \/><\/span><span style=\"font-size: 12pt; color: var( --e-global-color-text ); font-family: var( --e-global-typography-text-font-family ), Sans-serif;\">Fett \u2013 15 g (varav m\u00e4ttat fett 8,4 g)<br \/><\/span><span style=\"font-size: 12pt; color: var( --e-global-color-text ); font-family: var( --e-global-typography-text-font-family ), Sans-serif;\">Kolhydrater &#8211; 33 g (varav socker 1 g, polyoler 28,8 g)<br \/><\/span><span style=\"font-size: 12pt; color: var( --e-global-color-text ); font-family: var( --e-global-typography-text-font-family ), Sans-serif;\">Fiber \u2013 7,5 g<br \/><\/span><span style=\"font-size: 12pt; color: var( --e-global-color-text ); font-family: var( --e-global-typography-text-font-family ), Sans-serif;\">Protein \u2013 34 g<br \/><\/span><span style=\"font-size: 12pt; color: var( --e-global-color-text ); font-family: var( --e-global-typography-text-font-family ), Sans-serif;\">Salt \u2013 0,03 g<\/span><\/p><\/div>\n\t\t\t\t<\/div>\n\t\t\t\t<\/div>\n\t\t\t\t\t\t<\/div>\n\t\t\t\t\t<\/div>\n\t\t<\/div>\n\t\t\t\t<div class=\"elementor-column elementor-col-50 elementor-top-column elementor-element elementor-element-aa8407f\" data-id=\"aa8407f\" data-element_type=\"column\">\n\t\t\t<div class=\"elementor-column-wrap elementor-element-populated\">\n\t\t\t\t\t\t\t<div class=\"elementor-widget-wrap\">\n\t\t\t\t\t\t<div class=\"elementor-element elementor-element-1f47caf elementor-arrows-position-inside elementor-pagination-position-outside elementor-widget elementor-widget-image-carousel\" data-id=\"1f47caf\" data-element_type=\"widget\" data-settings=\"{&quot;slides_to_show&quot;:&quot;1&quot;,&quot;navigation&quot;:&quot;both&quot;,&quot;autoplay&quot;:&quot;yes&quot;,&quot;pause_on_hover&quot;:&quot;yes&quot;,&quot;pause_on_interaction&quot;:&quot;yes&quot;,&quot;autoplay_speed&quot;:5000,&quot;infinite&quot;:&quot;yes&quot;,&quot;effect&quot;:&quot;slide&quot;,&quot;speed&quot;:500}\" data-widget_type=\"image-carousel.default\">\n\t\t\t\t<div class=\"elementor-widget-container\">\n\t\t\t\t\t<div class=\"elementor-image-carousel-wrapper swiper-container\" dir=\"ltr\">\n\t\t\t<div class=\"elementor-image-carousel swiper-wrapper\">\n\t\t\t\t<div class=\"swiper-slide\"><figure class=\"swiper-slide-inner\"><img class=\"swiper-slide-image\" src=\"http:\/\/wellnessnutrition.se\/wp-content\/uploads\/2021\/01\/My-Choice-Caramel.png\" alt=\"My Choice Caramel\" \/><\/figure><\/div><div class=\"swiper-slide\"><figure class=\"swiper-slide-inner\"><img class=\"swiper-slide-image\" src=\"http:\/\/wellnessnutrition.se\/wp-content\/uploads\/2021\/03\/photo-1568657704598-602700bd9694.png\" alt=\"photo-1568657704598-602700bd9694\" \/><\/figure><\/div>\t\t\t<\/div>\n\t\t\t\t\t\t\t\t\t\t\t\t<div class=\"swiper-pagination\"><\/div>\n\t\t\t\t\t\t\t\t\t\t\t\t\t<div class=\"elementor-swiper-button elementor-swiper-button-prev\">\n\t\t\t\t\t\t<i class=\"eicon-chevron-left\" aria-hidden=\"true\"><\/i>\n\t\t\t\t\t\t<span class=\"elementor-screen-only\">Previous<\/span>\n\t\t\t\t\t<\/div>\n\t\t\t\t\t<div class=\"elementor-swiper-button elementor-swiper-button-next\">\n\t\t\t\t\t\t<i class=\"eicon-chevron-right\" aria-hidden=\"true\"><\/i>\n\t\t\t\t\t\t<span class=\"elementor-screen-only\">Next<\/span>\n\t\t\t\t\t<\/div>\n\t\t\t\t\t\t\t\t\t<\/div>\n\t\t\t\t<\/div>\n\t\t\t\t<\/div>\n\t\t\t\t\t\t<\/div>\n\t\t\t\t\t<\/div>\n\t\t<\/div>\n\t\t\t\t\t\t\t\t<\/div>\n\t\t\t\t\t<\/div>\n\t\t<\/section>\n\t\t\t\t<section class=\"elementor-section elementor-top-section elementor-element elementor-element-9e2ff41 elementor-section-boxed elementor-section-height-default elementor-section-height-default\" data-id=\"9e2ff41\" data-element_type=\"section\">\n\t\t\t\t\t\t<div class=\"elementor-container elementor-column-gap-default\">\n\t\t\t\t\t\t\t<div class=\"elementor-row\">\n\t\t\t\t\t<div class=\"elementor-column elementor-col-50 elementor-top-column elementor-element elementor-element-a1e1cf3\" data-id=\"a1e1cf3\" data-element_type=\"column\">\n\t\t\t<div class=\"elementor-column-wrap elementor-element-populated\">\n\t\t\t\t\t\t\t<div class=\"elementor-widget-wrap\">\n\t\t\t\t\t\t<div class=\"elementor-element elementor-element-36da897 elementor-arrows-position-inside elementor-pagination-position-outside elementor-widget elementor-widget-image-carousel\" data-id=\"36da897\" data-element_type=\"widget\" data-settings=\"{&quot;slides_to_show&quot;:&quot;1&quot;,&quot;navigation&quot;:&quot;both&quot;,&quot;autoplay&quot;:&quot;yes&quot;,&quot;pause_on_hover&quot;:&quot;yes&quot;,&quot;pause_on_interaction&quot;:&quot;yes&quot;,&quot;autoplay_speed&quot;:5000,&quot;infinite&quot;:&quot;yes&quot;,&quot;effect&quot;:&quot;slide&quot;,&quot;speed&quot;:500}\" data-widget_type=\"image-carousel.default\">\n\t\t\t\t<div class=\"elementor-widget-container\">\n\t\t\t\t\t<div class=\"elementor-image-carousel-wrapper swiper-container\" dir=\"ltr\">\n\t\t\t<div class=\"elementor-image-carousel swiper-wrapper\">\n\t\t\t\t<div class=\"swiper-slide\"><figure class=\"swiper-slide-inner\"><img class=\"swiper-slide-image\" src=\"http:\/\/wellnessnutrition.se\/wp-content\/uploads\/2021\/01\/My-Choice-Mudcake.png\" alt=\"My Choice Mudcake\" \/><\/figure><\/div><div class=\"swiper-slide\"><figure class=\"swiper-slide-inner\"><img class=\"swiper-slide-image\" src=\"http:\/\/wellnessnutrition.se\/wp-content\/uploads\/2020\/12\/49694971_549107882231662_3442543193591264208_n.jpg\" alt=\"My Choice\" \/><\/figure><\/div>\t\t\t<\/div>\n\t\t\t\t\t\t\t\t\t\t\t\t<div class=\"swiper-pagination\"><\/div>\n\t\t\t\t\t\t\t\t\t\t\t\t\t<div class=\"elementor-swiper-button elementor-swiper-button-prev\">\n\t\t\t\t\t\t<i class=\"eicon-chevron-left\" aria-hidden=\"true\"><\/i>\n\t\t\t\t\t\t<span class=\"elementor-screen-only\">Previous<\/span>\n\t\t\t\t\t<\/div>\n\t\t\t\t\t<div class=\"elementor-swiper-button elementor-swiper-button-next\">\n\t\t\t\t\t\t<i class=\"eicon-chevron-right\" aria-hidden=\"true\"><\/i>\n\t\t\t\t\t\t<span class=\"elementor-screen-only\">Next<\/span>\n\t\t\t\t\t<\/div>\n\t\t\t\t\t\t\t\t\t<\/div>\n\t\t\t\t<\/div>\n\t\t\t\t<\/div>\n\t\t\t\t\t\t<\/div>\n\t\t\t\t\t<\/div>\n\t\t<\/div>\n\t\t\t\t<div class=\"elementor-column elementor-col-50 elementor-top-column elementor-element elementor-element-7231729\" data-id=\"7231729\" data-element_type=\"column\">\n\t\t\t<div class=\"elementor-column-wrap elementor-element-populated\">\n\t\t\t\t\t\t\t<div class=\"elementor-widget-wrap\">\n\t\t\t\t\t\t<div class=\"elementor-element elementor-element-1311638 elementor-widget elementor-widget-heading\" data-id=\"1311638\" data-element_type=\"widget\" data-widget_type=\"heading.default\">\n\t\t\t\t<div class=\"elementor-widget-container\">\n\t\t\t<h2 class=\"elementor-heading-title elementor-size-default\">Mudcake<\/h2>\t\t<\/div>\n\t\t\t\t<\/div>\n\t\t\t\t<div class=\"elementor-element elementor-element-9e7e0ff elementor-widget elementor-widget-text-editor\" data-id=\"9e7e0ff\" data-element_type=\"widget\" data-widget_type=\"text-editor.default\">\n\t\t\t\t<div class=\"elementor-widget-container\">\n\t\t\t\t\t<div class=\"elementor-text-editor elementor-clearfix\"><p class=\"MsoNormal\"><b><span style=\"font-size: 12.0pt; line-height: 107%;\">Allergiinformation<\/span><\/b><span style=\"font-size: 12.0pt; line-height: 107%;\">: <br \/>Kan inneh\u00e5lla sp\u00e5r av \u00e4gg. <br \/>Inneh\u00e5ller mj\u00f6lk och soja. <br \/>Inneh\u00e5ller inget tillsatt socker.<br \/>Inneh\u00e5ller polyoler \u2013 \u00f6verdriven konsumtion kan ha en laxerande effekt. <\/span><\/p><p>\u00a0<\/p><p class=\"MsoNormal\"><b><span style=\"font-size: 12.0pt; line-height: 107%;\">N\u00e4ringsdeklaration per 100 g<\/span><\/b><span style=\"font-size: 12.0pt; line-height: 107%;\">: <br \/>Energi (kj) \u2013 1562 kj\/372 kcal<br \/>Fett \u2013 15 g (varav m\u00e4ttat fett 8,4 g)<br \/>Kolhydrater &#8211; 33 g (varav socker 1 g, polyoler 28,8 g)<br \/>Fiber \u2013 7,5 g<br \/>Protein \u2013 34 g<br \/>Salt \u2013 0,03 g<\/span><\/p><\/div>\n\t\t\t\t<\/div>\n\t\t\t\t<\/div>\n\t\t\t\t\t\t<\/div>\n\t\t\t\t\t<\/div>\n\t\t<\/div>\n\t\t\t\t\t\t\t\t<\/div>\n\t\t\t\t\t<\/div>\n\t\t<\/section>\n\t\t\t\t<section class=\"elementor-section elementor-top-section elementor-element elementor-element-58a3138 elementor-section-boxed elementor-section-height-default elementor-section-height-default\" data-id=\"58a3138\" data-element_type=\"section\">\n\t\t\t\t\t\t<div class=\"elementor-container elementor-column-gap-default\">\n\t\t\t\t\t\t\t<div class=\"elementor-row\">\n\t\t\t\t\t<div class=\"elementor-column elementor-col-50 elementor-top-column elementor-element elementor-element-d63f38a\" data-id=\"d63f38a\" data-element_type=\"column\">\n\t\t\t<div class=\"elementor-column-wrap elementor-element-populated\">\n\t\t\t\t\t\t\t<div class=\"elementor-widget-wrap\">\n\t\t\t\t\t\t<div class=\"elementor-element elementor-element-8e6262e elementor-widget elementor-widget-heading\" data-id=\"8e6262e\" data-element_type=\"widget\" data-widget_type=\"heading.default\">\n\t\t\t\t<div class=\"elementor-widget-container\">\n\t\t\t<h2 class=\"elementor-heading-title elementor-size-default\">Coconut<\/h2>\t\t<\/div>\n\t\t\t\t<\/div>\n\t\t\t\t<div class=\"elementor-element elementor-element-55d233a elementor-widget elementor-widget-text-editor\" data-id=\"55d233a\" data-element_type=\"widget\" data-widget_type=\"text-editor.default\">\n\t\t\t\t<div class=\"elementor-widget-container\">\n\t\t\t\t\t<div class=\"elementor-text-editor elementor-clearfix\"><p class=\"MsoNormal\"><b><span style=\"font-size: 12.0pt; line-height: 107%;\">Allergiinformation<\/span><\/b><span style=\"font-size: 12.0pt; line-height: 107%;\">: <br>Kan inneh\u00e5lla sp\u00e5r av \u00e4gg. <br>Inneh\u00e5ller mj\u00f6lk och soja. <br>Inneh\u00e5ller inget tillsatt socker.<br>Inneh\u00e5ller polyoler \u2013 \u00f6verdriven konsumtion kan ha en laxerande effekt.<br><\/span><span style=\"font-style: inherit; color: var( --e-global-color-text ); font-family: var( --e-global-typography-text-font-family ), Sans-serif;\"><span style=\"font-size: 12pt; line-height: 107%;\"><br><b>N\u00e4ringsdeklaration per 100 g<\/b><\/span><\/span><span style=\"font-style: inherit; font-weight: inherit; color: var( --e-global-color-text ); font-family: var( --e-global-typography-text-font-family ), Sans-serif; font-size: 12pt; line-height: 107%;\">:&nbsp;<br><\/span><span style=\"font-size: 12pt; font-style: inherit; font-weight: inherit; color: var( --e-global-color-text ); font-family: var( --e-global-typography-text-font-family ), Sans-serif;\">Energi (kj) \u2013 1562 kj\/372 kcal<br><\/span><span style=\"font-size: 12pt; font-style: inherit; font-weight: inherit; color: var( --e-global-color-text ); font-family: var( --e-global-typography-text-font-family ), Sans-serif;\">Fett \u2013 15 g (varav m\u00e4ttat fett 8,4 g)<br><\/span><span style=\"font-size: 12pt; font-style: inherit; font-weight: inherit; color: var( --e-global-color-text ); font-family: var( --e-global-typography-text-font-family ), Sans-serif;\">Kolhydrater &#8211; 33 g (varav socker 1 g, polyoler 28,8 g)<br><\/span><span style=\"font-size: 12pt; font-style: inherit; font-weight: inherit; color: var( --e-global-color-text ); font-family: var( --e-global-typography-text-font-family ), Sans-serif;\">Fiber \u2013 7,5 g<br><\/span><span style=\"font-size: 12pt; font-style: inherit; font-weight: inherit; color: var( --e-global-color-text ); font-family: var( --e-global-typography-text-font-family ), Sans-serif;\">Protein \u2013 34 g<br><\/span><span style=\"font-size: 12pt; font-style: inherit; font-weight: inherit; color: var( --e-global-color-text ); font-family: var( --e-global-typography-text-font-family ), Sans-serif;\">Salt \u2013 0,03 g<\/span><\/p><\/div>\n\t\t\t\t<\/div>\n\t\t\t\t<\/div>\n\t\t\t\t\t\t<\/div>\n\t\t\t\t\t<\/div>\n\t\t<\/div>\n\t\t\t\t<div class=\"elementor-column elementor-col-50 elementor-top-column elementor-element elementor-element-d30b18b\" data-id=\"d30b18b\" data-element_type=\"column\">\n\t\t\t<div class=\"elementor-column-wrap elementor-element-populated\">\n\t\t\t\t\t\t\t<div class=\"elementor-widget-wrap\">\n\t\t\t\t\t\t<div class=\"elementor-element elementor-element-20bce1f elementor-arrows-position-inside elementor-pagination-position-outside elementor-widget elementor-widget-image-carousel\" data-id=\"20bce1f\" data-element_type=\"widget\" data-settings=\"{&quot;slides_to_show&quot;:&quot;1&quot;,&quot;navigation&quot;:&quot;both&quot;,&quot;autoplay&quot;:&quot;yes&quot;,&quot;pause_on_hover&quot;:&quot;yes&quot;,&quot;pause_on_interaction&quot;:&quot;yes&quot;,&quot;autoplay_speed&quot;:5000,&quot;infinite&quot;:&quot;yes&quot;,&quot;effect&quot;:&quot;slide&quot;,&quot;speed&quot;:500}\" data-widget_type=\"image-carousel.default\">\n\t\t\t\t<div class=\"elementor-widget-container\">\n\t\t\t\t\t<div class=\"elementor-image-carousel-wrapper swiper-container\" dir=\"ltr\">\n\t\t\t<div class=\"elementor-image-carousel swiper-wrapper\">\n\t\t\t\t<div class=\"swiper-slide\"><figure class=\"swiper-slide-inner\"><img class=\"swiper-slide-image\" src=\"http:\/\/wellnessnutrition.se\/wp-content\/uploads\/2021\/01\/My-Choice-Coconut.png\" alt=\"My Choice Coconut\" \/><\/figure><\/div><div class=\"swiper-slide\"><figure class=\"swiper-slide-inner\"><img class=\"swiper-slide-image\" src=\"http:\/\/wellnessnutrition.se\/wp-content\/uploads\/2021\/01\/photo-1581453883350-288b2c19bea8.png\" alt=\"photo-1581453883350-288b2c19bea8\" \/><\/figure><\/div>\t\t\t<\/div>\n\t\t\t\t\t\t\t\t\t\t\t\t<div class=\"swiper-pagination\"><\/div>\n\t\t\t\t\t\t\t\t\t\t\t\t\t<div class=\"elementor-swiper-button elementor-swiper-button-prev\">\n\t\t\t\t\t\t<i class=\"eicon-chevron-left\" aria-hidden=\"true\"><\/i>\n\t\t\t\t\t\t<span class=\"elementor-screen-only\">Previous<\/span>\n\t\t\t\t\t<\/div>\n\t\t\t\t\t<div class=\"elementor-swiper-button elementor-swiper-button-next\">\n\t\t\t\t\t\t<i class=\"eicon-chevron-right\" aria-hidden=\"true\"><\/i>\n\t\t\t\t\t\t<span class=\"elementor-screen-only\">Next<\/span>\n\t\t\t\t\t<\/div>\n\t\t\t\t\t\t\t\t\t<\/div>\n\t\t\t\t<\/div>\n\t\t\t\t<\/div>\n\t\t\t\t\t\t<\/div>\n\t\t\t\t\t<\/div>\n\t\t<\/div>\n\t\t\t\t\t\t\t\t<\/div>\n\t\t\t\t\t<\/div>\n\t\t<\/section>\n\t\t\t\t\t\t<\/div>\n\t\t\t\t\t\t<\/div>\n\t\t\t\t\t<\/div>\n\t\t","protected":false},"excerpt":{"rendered":"<p>MY CHOICE My Choice \u00e4r en proteinbar som har ett h\u00f6gt proteininneh\u00e5ll och fungerar perfekt som mellanm\u00e5l. \u00c4kta choklad\u00f6verdrag utan tillsatt socker och palmolja. \u00c4r garanterat n\u00f6tfria, inga n\u00f6tter hanteras i denna svenska fabrik. Finns i tv\u00e5 olika smaker. Salted Caramel Allergiinformation:Kan inneh\u00e5lla sp\u00e5r av \u00e4gg.Inneh\u00e5ller mj\u00f6lk och soja.Inneh\u00e5ller inget tillsatt socker.Inneh\u00e5ller polyoler \u2013 \u00f6verdriven &hellip;<\/p>\n<p class=\"read-more\"> <a class=\"\" href=\"http:\/\/wellnessnutrition.se\/index.php\/my-choice\/\"> <span class=\"screen-reader-text\">MY CHOICE<\/span> Read More &raquo;<\/a><\/p>\n","protected":false},"author":1,"featured_media":0,"parent":0,"menu_order":0,"comment_status":"closed","ping_status":"closed","template":"","meta":[],"_links":{"self":[{"href":"http:\/\/wellnessnutrition.se\/index.php\/wp-json\/wp\/v2\/pages\/22026"}],"collection":[{"href":"http:\/\/wellnessnutrition.se\/index.php\/wp-json\/wp\/v2\/pages"}],"about":[{"href":"http:\/\/wellnessnutrition.se\/index.php\/wp-json\/wp\/v2\/types\/page"}],"author":[{"embeddable":true,"href":"http:\/\/wellnessnutrition.se\/index.php\/wp-json\/wp\/v2\/users\/1"}],"replies":[{"embeddable":true,"href":"http:\/\/wellnessnutrition.se\/index.php\/wp-json\/wp\/v2\/comments?post=22026"}],"version-history":[{"count":49,"href":"http:\/\/wellnessnutrition.se\/index.php\/wp-json\/wp\/v2\/pages\/22026\/revisions"}],"predecessor-version":[{"id":23221,"href":"http:\/\/wellnessnutrition.se\/index.php\/wp-json\/wp\/v2\/pages\/22026\/revisions\/23221"}],"wp:attachment":[{"href":"http:\/\/wellnessnutrition.se\/index.php\/wp-json\/wp\/v2\/media?parent=22026"}],"curies":[{"name":"wp","href":"https:\/\/api.w.org\/{rel}","templated":true}]}}