{"id":22025,"date":"2020-11-26T17:08:10","date_gmt":"2020-11-26T17:08:10","guid":{"rendered":"http:\/\/wellnessnutrition.se\/?page_id=22025"},"modified":"2021-02-02T10:27:36","modified_gmt":"2021-02-02T10:27:36","slug":"my-fuel","status":"publish","type":"page","link":"http:\/\/wellnessnutrition.se\/index.php\/my-fuel\/","title":{"rendered":"MY FUEL"},"content":{"rendered":"\t\t<div data-elementor-type=\"wp-page\" data-elementor-id=\"22025\" class=\"elementor elementor-22025\" data-elementor-settings=\"[]\">\n\t\t\t\t\t\t<div class=\"elementor-inner\">\n\t\t\t\t\t\t\t<div class=\"elementor-section-wrap\">\n\t\t\t\t\t\t\t<section class=\"elementor-section elementor-top-section elementor-element elementor-element-7895782 elementor-section-full_width elementor-section-height-min-height elementor-section-items-top elementor-section-content-top elementor-section-stretched elementor-section-height-default\" data-id=\"7895782\" data-element_type=\"section\" data-settings=\"{&quot;stretch_section&quot;:&quot;section-stretched&quot;}\">\n\t\t\t\t\t\t<div class=\"elementor-container elementor-column-gap-no\">\n\t\t\t\t\t\t\t<div class=\"elementor-row\">\n\t\t\t\t\t<div class=\"elementor-column elementor-col-100 elementor-top-column elementor-element elementor-element-befa0c2\" data-id=\"befa0c2\" data-element_type=\"column\">\n\t\t\t<div class=\"elementor-column-wrap elementor-element-populated\">\n\t\t\t\t\t\t\t<div class=\"elementor-widget-wrap\">\n\t\t\t\t\t\t<div class=\"elementor-element elementor-element-7e10fd7 elementor-widget elementor-widget-image\" data-id=\"7e10fd7\" data-element_type=\"widget\" data-widget_type=\"image.default\">\n\t\t\t\t<div class=\"elementor-widget-container\">\n\t\t\t\t\t<div class=\"elementor-image\">\n\t\t\t\t\t\t\t\t\t\t<img width=\"2292\" height=\"917\" src=\"http:\/\/wellnessnutrition.se\/wp-content\/uploads\/2021\/02\/MY-FUEL.jpg\" class=\"attachment-full size-full\" alt=\"\" loading=\"lazy\" srcset=\"http:\/\/wellnessnutrition.se\/wp-content\/uploads\/2021\/02\/MY-FUEL.jpg 2292w, http:\/\/wellnessnutrition.se\/wp-content\/uploads\/2021\/02\/MY-FUEL-300x120.jpg 300w, http:\/\/wellnessnutrition.se\/wp-content\/uploads\/2021\/02\/MY-FUEL-1024x410.jpg 1024w, http:\/\/wellnessnutrition.se\/wp-content\/uploads\/2021\/02\/MY-FUEL-768x307.jpg 768w, http:\/\/wellnessnutrition.se\/wp-content\/uploads\/2021\/02\/MY-FUEL-1536x615.jpg 1536w, http:\/\/wellnessnutrition.se\/wp-content\/uploads\/2021\/02\/MY-FUEL-2048x819.jpg 2048w\" sizes=\"(max-width: 2292px) 100vw, 2292px\" \/>\t\t\t\t\t\t\t\t\t\t\t<\/div>\n\t\t\t\t<\/div>\n\t\t\t\t<\/div>\n\t\t\t\t\t\t<\/div>\n\t\t\t\t\t<\/div>\n\t\t<\/div>\n\t\t\t\t\t\t\t\t<\/div>\n\t\t\t\t\t<\/div>\n\t\t<\/section>\n\t\t\t\t<section class=\"elementor-section elementor-top-section elementor-element elementor-element-a5f214e elementor-section-boxed elementor-section-height-default elementor-section-height-default\" data-id=\"a5f214e\" data-element_type=\"section\">\n\t\t\t\t\t\t<div class=\"elementor-container elementor-column-gap-default\">\n\t\t\t\t\t\t\t<div class=\"elementor-row\">\n\t\t\t\t\t<div class=\"elementor-column elementor-col-100 elementor-top-column elementor-element elementor-element-cdc045f\" data-id=\"cdc045f\" data-element_type=\"column\">\n\t\t\t<div class=\"elementor-column-wrap elementor-element-populated\">\n\t\t\t\t\t\t\t<div class=\"elementor-widget-wrap\">\n\t\t\t\t\t\t<div class=\"elementor-element elementor-element-9bc1c9e elementor-widget elementor-widget-heading\" data-id=\"9bc1c9e\" data-element_type=\"widget\" data-widget_type=\"heading.default\">\n\t\t\t\t<div class=\"elementor-widget-container\">\n\t\t\t<h1 class=\"elementor-heading-title elementor-size-default\">MY FUEL<\/h1>\t\t<\/div>\n\t\t\t\t<\/div>\n\t\t\t\t<div class=\"elementor-element elementor-element-fa968b5 elementor-widget-divider--view-line elementor-widget elementor-widget-divider\" data-id=\"fa968b5\" data-element_type=\"widget\" data-widget_type=\"divider.default\">\n\t\t\t\t<div class=\"elementor-widget-container\">\n\t\t\t\t\t<div class=\"elementor-divider\">\n\t\t\t<span class=\"elementor-divider-separator\">\n\t\t\t\t\t\t<\/span>\n\t\t<\/div>\n\t\t\t\t<\/div>\n\t\t\t\t<\/div>\n\t\t\t\t<div class=\"elementor-element elementor-element-e38d690 elementor-widget elementor-widget-text-editor\" data-id=\"e38d690\" data-element_type=\"widget\" data-widget_type=\"text-editor.default\">\n\t\t\t\t<div class=\"elementor-widget-container\">\n\t\t\t\t\t<div class=\"elementor-text-editor elementor-clearfix\"><p class=\"MsoNormal\"><span style=\"font-size: 12.0pt; line-height: 107%;\">My Fuel \u00e4r en proteinbar som har ett energirikt och h\u00f6gt proteininneh\u00e5ll, perfekt f\u00f6r ett h\u00e5rt och fysiskt tr\u00e4ningspass. Inneh\u00e5ller tillsatt socker. \u00c4r garanterat n\u00f6tfria, inga n\u00f6tter hanteras i denna svenska fabrik. Finns i tv\u00e5 olika smaker.<\/span><\/p><\/div>\n\t\t\t\t<\/div>\n\t\t\t\t<\/div>\n\t\t\t\t<div class=\"elementor-element elementor-element-6e7acee elementor-widget-divider--view-line elementor-widget elementor-widget-divider\" data-id=\"6e7acee\" data-element_type=\"widget\" data-widget_type=\"divider.default\">\n\t\t\t\t<div class=\"elementor-widget-container\">\n\t\t\t\t\t<div class=\"elementor-divider\">\n\t\t\t<span class=\"elementor-divider-separator\">\n\t\t\t\t\t\t<\/span>\n\t\t<\/div>\n\t\t\t\t<\/div>\n\t\t\t\t<\/div>\n\t\t\t\t\t\t<\/div>\n\t\t\t\t\t<\/div>\n\t\t<\/div>\n\t\t\t\t\t\t\t\t<\/div>\n\t\t\t\t\t<\/div>\n\t\t<\/section>\n\t\t\t\t<section class=\"elementor-section elementor-top-section elementor-element elementor-element-fa6561f elementor-section-boxed elementor-section-height-default elementor-section-height-default\" data-id=\"fa6561f\" data-element_type=\"section\">\n\t\t\t\t\t\t<div class=\"elementor-container elementor-column-gap-default\">\n\t\t\t\t\t\t\t<div class=\"elementor-row\">\n\t\t\t\t\t<div class=\"elementor-column elementor-col-50 elementor-top-column elementor-element elementor-element-38bd93a\" data-id=\"38bd93a\" data-element_type=\"column\">\n\t\t\t<div class=\"elementor-column-wrap elementor-element-populated\">\n\t\t\t\t\t\t\t<div class=\"elementor-widget-wrap\">\n\t\t\t\t\t\t<div class=\"elementor-element elementor-element-59a60e5 elementor-arrows-position-inside elementor-pagination-position-outside elementor-widget elementor-widget-image-carousel\" data-id=\"59a60e5\" data-element_type=\"widget\" data-settings=\"{&quot;slides_to_show&quot;:&quot;1&quot;,&quot;navigation&quot;:&quot;both&quot;,&quot;autoplay&quot;:&quot;yes&quot;,&quot;pause_on_hover&quot;:&quot;yes&quot;,&quot;pause_on_interaction&quot;:&quot;yes&quot;,&quot;autoplay_speed&quot;:5000,&quot;infinite&quot;:&quot;yes&quot;,&quot;effect&quot;:&quot;slide&quot;,&quot;speed&quot;:500}\" data-widget_type=\"image-carousel.default\">\n\t\t\t\t<div class=\"elementor-widget-container\">\n\t\t\t\t\t<div class=\"elementor-image-carousel-wrapper swiper-container\" dir=\"ltr\">\n\t\t\t<div class=\"elementor-image-carousel swiper-wrapper\">\n\t\t\t\t<div class=\"swiper-slide\"><figure class=\"swiper-slide-inner\"><img class=\"swiper-slide-image\" src=\"http:\/\/wellnessnutrition.se\/wp-content\/uploads\/2021\/01\/My-Fuel-Chocolate.png\" alt=\"My Fuel Chocolate\" \/><\/figure><\/div><div class=\"swiper-slide\"><figure class=\"swiper-slide-inner\"><img class=\"swiper-slide-image\" src=\"http:\/\/wellnessnutrition.se\/wp-content\/uploads\/2020\/12\/49933630_2470728099621720_5726046901340905441_n.jpg\" alt=\"49933630_2470728099621720_5726046901340905441_n\" \/><\/figure><\/div>\t\t\t<\/div>\n\t\t\t\t\t\t\t\t\t\t\t\t<div class=\"swiper-pagination\"><\/div>\n\t\t\t\t\t\t\t\t\t\t\t\t\t<div class=\"elementor-swiper-button elementor-swiper-button-prev\">\n\t\t\t\t\t\t<i class=\"eicon-chevron-left\" aria-hidden=\"true\"><\/i>\n\t\t\t\t\t\t<span class=\"elementor-screen-only\">Previous<\/span>\n\t\t\t\t\t<\/div>\n\t\t\t\t\t<div class=\"elementor-swiper-button elementor-swiper-button-next\">\n\t\t\t\t\t\t<i class=\"eicon-chevron-right\" aria-hidden=\"true\"><\/i>\n\t\t\t\t\t\t<span class=\"elementor-screen-only\">Next<\/span>\n\t\t\t\t\t<\/div>\n\t\t\t\t\t\t\t\t\t<\/div>\n\t\t\t\t<\/div>\n\t\t\t\t<\/div>\n\t\t\t\t\t\t<\/div>\n\t\t\t\t\t<\/div>\n\t\t<\/div>\n\t\t\t\t<div class=\"elementor-column elementor-col-50 elementor-top-column elementor-element elementor-element-ca494a1\" data-id=\"ca494a1\" data-element_type=\"column\">\n\t\t\t<div class=\"elementor-column-wrap elementor-element-populated\">\n\t\t\t\t\t\t\t<div class=\"elementor-widget-wrap\">\n\t\t\t\t\t\t<div class=\"elementor-element elementor-element-f704620 elementor-widget elementor-widget-heading\" data-id=\"f704620\" data-element_type=\"widget\" data-widget_type=\"heading.default\">\n\t\t\t\t<div class=\"elementor-widget-container\">\n\t\t\t<h2 class=\"elementor-heading-title elementor-size-default\">Chocolate<\/h2>\t\t<\/div>\n\t\t\t\t<\/div>\n\t\t\t\t<div class=\"elementor-element elementor-element-8638817 elementor-widget elementor-widget-text-editor\" data-id=\"8638817\" data-element_type=\"widget\" data-widget_type=\"text-editor.default\">\n\t\t\t\t<div class=\"elementor-widget-container\">\n\t\t\t\t\t<div class=\"elementor-text-editor elementor-clearfix\"><p><b><span style=\"font-size: 12.0pt; line-height: 107%;\">Allergiinformation<\/span><\/b><span style=\"font-size: 12.0pt; line-height: 107%;\">: <br \/>Kan inneh\u00e5lla sp\u00e5r av \u00e4gg- och sojaprotein. <br \/>Inneh\u00e5ller polyoler \u2013 \u00f6verdriven konsumtion kan ha en laxerande effekt. \u00a0<\/span><\/p><p>\u00a0<\/p><p><b><span style=\"font-size: 12.0pt; line-height: 107%;\">N\u00e4ringsdeklaration per 100 g<\/span><\/b><span style=\"font-size: 12.0pt; line-height: 107%;\">: <br \/>Energi (kj) \u2013 1550 kj\/371 kcal<br \/>Fett \u2013 12 g (varav m\u00e4ttat fett 7,2 g)<br \/>Kolhydrater \u2013 37 g (varav sockerarter 15 g, polyoler 16 g)<br \/>Fiber \u2013 6,3 g<br \/>Protein \u2013 32 g<br \/>Salt \u2013 0,20 g<br \/><!--[endif]--><\/span><\/p><\/div>\n\t\t\t\t<\/div>\n\t\t\t\t<\/div>\n\t\t\t\t\t\t<\/div>\n\t\t\t\t\t<\/div>\n\t\t<\/div>\n\t\t\t\t\t\t\t\t<\/div>\n\t\t\t\t\t<\/div>\n\t\t<\/section>\n\t\t\t\t<section class=\"elementor-section elementor-top-section elementor-element elementor-element-339a47f elementor-section-boxed elementor-section-height-default elementor-section-height-default\" data-id=\"339a47f\" data-element_type=\"section\">\n\t\t\t\t\t\t<div class=\"elementor-container elementor-column-gap-default\">\n\t\t\t\t\t\t\t<div class=\"elementor-row\">\n\t\t\t\t\t<div class=\"elementor-column elementor-col-50 elementor-top-column elementor-element elementor-element-4f3ec64\" data-id=\"4f3ec64\" data-element_type=\"column\">\n\t\t\t<div class=\"elementor-column-wrap elementor-element-populated\">\n\t\t\t\t\t\t\t<div class=\"elementor-widget-wrap\">\n\t\t\t\t\t\t<div class=\"elementor-element elementor-element-f305937 elementor-widget elementor-widget-heading\" data-id=\"f305937\" data-element_type=\"widget\" data-widget_type=\"heading.default\">\n\t\t\t\t<div class=\"elementor-widget-container\">\n\t\t\t<h2 class=\"elementor-heading-title elementor-size-default\">Lemon Cheescake<\/h2>\t\t<\/div>\n\t\t\t\t<\/div>\n\t\t\t\t<div class=\"elementor-element elementor-element-d011a44 elementor-widget elementor-widget-text-editor\" data-id=\"d011a44\" data-element_type=\"widget\" data-widget_type=\"text-editor.default\">\n\t\t\t\t<div class=\"elementor-widget-container\">\n\t\t\t\t\t<div class=\"elementor-text-editor elementor-clearfix\"><p><b><span style=\"font-size: 12.0pt; line-height: 107%;\">Allergiinformation<\/span><\/b><span style=\"font-size: 12.0pt; line-height: 107%;\">: <br>Kan inneh\u00e5lla sp\u00e5r av \u00e4gg- och sojaprotein. <br>Inneh\u00e5ller polyoler \u2013 \u00f6verdriven konsumtion kan ha en laxerande effekt.&nbsp;&nbsp;<br><\/span><span style=\"font-style: inherit; color: var( --e-global-color-text ); font-family: var( --e-global-typography-text-font-family ), Sans-serif;\"><span style=\"font-size: 12pt; line-height: 107%;\"><br><b>N\u00e4ringsdeklaration per 100 g<\/b><\/span><\/span><span style=\"font-style: inherit; font-weight: inherit; color: var( --e-global-color-text ); font-family: var( --e-global-typography-text-font-family ), Sans-serif; font-size: 12pt; line-height: 107%;\">:&nbsp;<br><\/span><span style=\"font-size: 12pt; font-style: inherit; font-weight: inherit; color: var( --e-global-color-text ); font-family: var( --e-global-typography-text-font-family ), Sans-serif;\">Energi (kj) \u2013 1550 kj\/371 kcal<br><\/span><span style=\"font-size: 12pt; font-style: inherit; font-weight: inherit; color: var( --e-global-color-text ); font-family: var( --e-global-typography-text-font-family ), Sans-serif;\">Fett \u2013 12 g (varav m\u00e4ttat fett 7,2 g)<br><\/span><span style=\"font-size: 12pt; font-style: inherit; font-weight: inherit; color: var( --e-global-color-text ); font-family: var( --e-global-typography-text-font-family ), Sans-serif;\">Kolhydrater \u2013 37 g (varav sockerarter 15 g, polyoler 16 g)<br><\/span><span style=\"font-size: 12pt; font-style: inherit; font-weight: inherit; color: var( --e-global-color-text ); font-family: var( --e-global-typography-text-font-family ), Sans-serif;\">Fiber \u2013 6,3 g<br><\/span><span style=\"font-size: 12pt; font-style: inherit; font-weight: inherit; color: var( --e-global-color-text ); font-family: var( --e-global-typography-text-font-family ), Sans-serif;\">Protein \u2013 32 g<br><\/span><span style=\"font-size: 12pt; font-style: inherit; font-weight: inherit; color: var( --e-global-color-text ); font-family: var( --e-global-typography-text-font-family ), Sans-serif;\">Salt \u2013 0,20 g<\/span><\/p><\/div>\n\t\t\t\t<\/div>\n\t\t\t\t<\/div>\n\t\t\t\t\t\t<\/div>\n\t\t\t\t\t<\/div>\n\t\t<\/div>\n\t\t\t\t<div class=\"elementor-column elementor-col-50 elementor-top-column elementor-element elementor-element-025434f\" data-id=\"025434f\" data-element_type=\"column\">\n\t\t\t<div class=\"elementor-column-wrap elementor-element-populated\">\n\t\t\t\t\t\t\t<div class=\"elementor-widget-wrap\">\n\t\t\t\t\t\t<div class=\"elementor-element elementor-element-3b168e3 elementor-arrows-position-inside elementor-pagination-position-outside elementor-widget elementor-widget-image-carousel\" data-id=\"3b168e3\" data-element_type=\"widget\" data-settings=\"{&quot;slides_to_show&quot;:&quot;1&quot;,&quot;navigation&quot;:&quot;both&quot;,&quot;autoplay&quot;:&quot;yes&quot;,&quot;pause_on_hover&quot;:&quot;yes&quot;,&quot;pause_on_interaction&quot;:&quot;yes&quot;,&quot;autoplay_speed&quot;:5000,&quot;infinite&quot;:&quot;yes&quot;,&quot;effect&quot;:&quot;slide&quot;,&quot;speed&quot;:500}\" data-widget_type=\"image-carousel.default\">\n\t\t\t\t<div class=\"elementor-widget-container\">\n\t\t\t\t\t<div class=\"elementor-image-carousel-wrapper swiper-container\" dir=\"ltr\">\n\t\t\t<div class=\"elementor-image-carousel swiper-wrapper\">\n\t\t\t\t<div class=\"swiper-slide\"><figure class=\"swiper-slide-inner\"><img class=\"swiper-slide-image\" src=\"http:\/\/wellnessnutrition.se\/wp-content\/uploads\/2021\/01\/My-Fuel-Lemon.png\" alt=\"My Fuel Lemon\" \/><\/figure><\/div><div class=\"swiper-slide\"><figure class=\"swiper-slide-inner\"><img class=\"swiper-slide-image\" src=\"http:\/\/wellnessnutrition.se\/wp-content\/uploads\/2021\/01\/photo-1580066549518-ae0fd5dd6f41.png\" alt=\"photo-1580066549518-ae0fd5dd6f41\" \/><\/figure><\/div>\t\t\t<\/div>\n\t\t\t\t\t\t\t\t\t\t\t\t<div class=\"swiper-pagination\"><\/div>\n\t\t\t\t\t\t\t\t\t\t\t\t\t<div class=\"elementor-swiper-button elementor-swiper-button-prev\">\n\t\t\t\t\t\t<i class=\"eicon-chevron-left\" aria-hidden=\"true\"><\/i>\n\t\t\t\t\t\t<span class=\"elementor-screen-only\">Previous<\/span>\n\t\t\t\t\t<\/div>\n\t\t\t\t\t<div class=\"elementor-swiper-button elementor-swiper-button-next\">\n\t\t\t\t\t\t<i class=\"eicon-chevron-right\" aria-hidden=\"true\"><\/i>\n\t\t\t\t\t\t<span class=\"elementor-screen-only\">Next<\/span>\n\t\t\t\t\t<\/div>\n\t\t\t\t\t\t\t\t\t<\/div>\n\t\t\t\t<\/div>\n\t\t\t\t<\/div>\n\t\t\t\t\t\t<\/div>\n\t\t\t\t\t<\/div>\n\t\t<\/div>\n\t\t\t\t\t\t\t\t<\/div>\n\t\t\t\t\t<\/div>\n\t\t<\/section>\n\t\t\t\t\t\t<\/div>\n\t\t\t\t\t\t<\/div>\n\t\t\t\t\t<\/div>\n\t\t","protected":false},"excerpt":{"rendered":"<p>MY FUEL My Fuel \u00e4r en proteinbar som har ett energirikt och h\u00f6gt proteininneh\u00e5ll, perfekt f\u00f6r ett h\u00e5rt och fysiskt tr\u00e4ningspass. Inneh\u00e5ller tillsatt socker. \u00c4r garanterat n\u00f6tfria, inga n\u00f6tter hanteras i denna svenska fabrik. Finns i tv\u00e5 olika smaker. Previous Next Chocolate Allergiinformation: Kan inneh\u00e5lla sp\u00e5r av \u00e4gg- och sojaprotein. Inneh\u00e5ller polyoler \u2013 \u00f6verdriven konsumtion &hellip;<\/p>\n<p class=\"read-more\"> <a class=\"\" href=\"http:\/\/wellnessnutrition.se\/index.php\/my-fuel\/\"> <span class=\"screen-reader-text\">MY FUEL<\/span> Read More &raquo;<\/a><\/p>\n","protected":false},"author":1,"featured_media":0,"parent":0,"menu_order":0,"comment_status":"closed","ping_status":"closed","template":"","meta":[],"_links":{"self":[{"href":"http:\/\/wellnessnutrition.se\/index.php\/wp-json\/wp\/v2\/pages\/22025"}],"collection":[{"href":"http:\/\/wellnessnutrition.se\/index.php\/wp-json\/wp\/v2\/pages"}],"about":[{"href":"http:\/\/wellnessnutrition.se\/index.php\/wp-json\/wp\/v2\/types\/page"}],"author":[{"embeddable":true,"href":"http:\/\/wellnessnutrition.se\/index.php\/wp-json\/wp\/v2\/users\/1"}],"replies":[{"embeddable":true,"href":"http:\/\/wellnessnutrition.se\/index.php\/wp-json\/wp\/v2\/comments?post=22025"}],"version-history":[{"count":46,"href":"http:\/\/wellnessnutrition.se\/index.php\/wp-json\/wp\/v2\/pages\/22025\/revisions"}],"predecessor-version":[{"id":23098,"href":"http:\/\/wellnessnutrition.se\/index.php\/wp-json\/wp\/v2\/pages\/22025\/revisions\/23098"}],"wp:attachment":[{"href":"http:\/\/wellnessnutrition.se\/index.php\/wp-json\/wp\/v2\/media?parent=22025"}],"curies":[{"name":"wp","href":"https:\/\/api.w.org\/{rel}","templated":true}]}}