{"id":22023,"date":"2020-11-26T17:08:10","date_gmt":"2020-11-26T17:08:10","guid":{"rendered":"http:\/\/wellnessnutrition.se\/?page_id=22023"},"modified":"2021-04-07T08:48:54","modified_gmt":"2021-04-07T08:48:54","slug":"my-bcaa","status":"publish","type":"page","link":"http:\/\/wellnessnutrition.se\/index.php\/my-bcaa\/","title":{"rendered":"MY BCAA"},"content":{"rendered":"\t\t<div data-elementor-type=\"wp-page\" data-elementor-id=\"22023\" class=\"elementor elementor-22023\" data-elementor-settings=\"[]\">\n\t\t\t\t\t\t<div class=\"elementor-inner\">\n\t\t\t\t\t\t\t<div class=\"elementor-section-wrap\">\n\t\t\t\t\t\t\t<header class=\"elementor-section elementor-top-section elementor-element elementor-element-3452a3a elementor-section-full_width elementor-section-height-min-height elementor-section-items-top elementor-section-content-top elementor-section-stretched elementor-section-height-default\" data-id=\"3452a3a\" data-element_type=\"section\" data-settings=\"{&quot;stretch_section&quot;:&quot;section-stretched&quot;}\">\n\t\t\t\t\t\t<div class=\"elementor-container elementor-column-gap-no\">\n\t\t\t\t\t\t\t<div class=\"elementor-row\">\n\t\t\t\t\t<div class=\"elementor-column elementor-col-100 elementor-top-column elementor-element elementor-element-f57dfc6\" data-id=\"f57dfc6\" data-element_type=\"column\">\n\t\t\t<div class=\"elementor-column-wrap elementor-element-populated\">\n\t\t\t\t\t\t\t<div class=\"elementor-widget-wrap\">\n\t\t\t\t\t\t<div class=\"elementor-element elementor-element-69a0455 elementor-widget elementor-widget-image\" data-id=\"69a0455\" data-element_type=\"widget\" data-widget_type=\"image.default\">\n\t\t\t\t<div class=\"elementor-widget-container\">\n\t\t\t\t\t<div class=\"elementor-image\">\n\t\t\t\t\t\t\t\t\t\t<img width=\"2292\" height=\"917\" src=\"http:\/\/wellnessnutrition.se\/wp-content\/uploads\/2021\/02\/MY-BCAA.jpg\" class=\"attachment-full size-full\" alt=\"\" loading=\"lazy\" srcset=\"http:\/\/wellnessnutrition.se\/wp-content\/uploads\/2021\/02\/MY-BCAA.jpg 2292w, http:\/\/wellnessnutrition.se\/wp-content\/uploads\/2021\/02\/MY-BCAA-300x120.jpg 300w, http:\/\/wellnessnutrition.se\/wp-content\/uploads\/2021\/02\/MY-BCAA-1024x410.jpg 1024w, http:\/\/wellnessnutrition.se\/wp-content\/uploads\/2021\/02\/MY-BCAA-768x307.jpg 768w, http:\/\/wellnessnutrition.se\/wp-content\/uploads\/2021\/02\/MY-BCAA-1536x615.jpg 1536w, http:\/\/wellnessnutrition.se\/wp-content\/uploads\/2021\/02\/MY-BCAA-2048x819.jpg 2048w\" sizes=\"(max-width: 2292px) 100vw, 2292px\" \/>\t\t\t\t\t\t\t\t\t\t\t<\/div>\n\t\t\t\t<\/div>\n\t\t\t\t<\/div>\n\t\t\t\t\t\t<\/div>\n\t\t\t\t\t<\/div>\n\t\t<\/div>\n\t\t\t\t\t\t\t\t<\/div>\n\t\t\t\t\t<\/div>\n\t\t<\/header>\n\t\t\t\t<section class=\"elementor-section elementor-top-section elementor-element elementor-element-8486a05 elementor-section-boxed elementor-section-height-default elementor-section-height-default\" data-id=\"8486a05\" data-element_type=\"section\">\n\t\t\t\t\t\t<div class=\"elementor-container elementor-column-gap-default\">\n\t\t\t\t\t\t\t<div class=\"elementor-row\">\n\t\t\t\t\t<div class=\"elementor-column elementor-col-100 elementor-top-column elementor-element elementor-element-29a98e8\" data-id=\"29a98e8\" data-element_type=\"column\">\n\t\t\t<div class=\"elementor-column-wrap elementor-element-populated\">\n\t\t\t\t\t\t\t<div class=\"elementor-widget-wrap\">\n\t\t\t\t\t\t<div class=\"elementor-element elementor-element-6c54a18 elementor-widget elementor-widget-heading\" data-id=\"6c54a18\" data-element_type=\"widget\" data-widget_type=\"heading.default\">\n\t\t\t\t<div class=\"elementor-widget-container\">\n\t\t\t<h1 class=\"elementor-heading-title elementor-size-default\">MY BCAA<\/h1>\t\t<\/div>\n\t\t\t\t<\/div>\n\t\t\t\t<div class=\"elementor-element elementor-element-b90c4dc elementor-widget-divider--view-line elementor-widget elementor-widget-divider\" data-id=\"b90c4dc\" data-element_type=\"widget\" data-widget_type=\"divider.default\">\n\t\t\t\t<div class=\"elementor-widget-container\">\n\t\t\t\t\t<div class=\"elementor-divider\">\n\t\t\t<span class=\"elementor-divider-separator\">\n\t\t\t\t\t\t<\/span>\n\t\t<\/div>\n\t\t\t\t<\/div>\n\t\t\t\t<\/div>\n\t\t\t\t<div class=\"elementor-element elementor-element-0fe852d elementor-widget elementor-widget-text-editor\" data-id=\"0fe852d\" data-element_type=\"widget\" data-widget_type=\"text-editor.default\">\n\t\t\t\t<div class=\"elementor-widget-container\">\n\t\t\t\t\t<div class=\"elementor-text-editor elementor-clearfix\"><p><span style=\"font-size: 12.0pt; line-height: 107%;\">My BCAA \u00e4r en kolsyrad, sockerfri dryck berikad med BCAA (grenade aminosyror) samt naturligt koffein. Du kan med f\u00f6rdel dricka My BCAA innan och under tr\u00e4ning. Finns i tre olika smaker.<\/span><\/p>\n<p><span style=\"font-size: 16px;\">Det \u00e4r viktigt med en m\u00e5ngsidig och balanserad kost samt en h\u00e4lsosam livsstil.<\/span><\/p><\/div>\n\t\t\t\t<\/div>\n\t\t\t\t<\/div>\n\t\t\t\t<div class=\"elementor-element elementor-element-0087a39 elementor-widget-divider--view-line elementor-widget elementor-widget-divider\" data-id=\"0087a39\" data-element_type=\"widget\" data-widget_type=\"divider.default\">\n\t\t\t\t<div class=\"elementor-widget-container\">\n\t\t\t\t\t<div class=\"elementor-divider\">\n\t\t\t<span class=\"elementor-divider-separator\">\n\t\t\t\t\t\t<\/span>\n\t\t<\/div>\n\t\t\t\t<\/div>\n\t\t\t\t<\/div>\n\t\t\t\t\t\t<\/div>\n\t\t\t\t\t<\/div>\n\t\t<\/div>\n\t\t\t\t\t\t\t\t<\/div>\n\t\t\t\t\t<\/div>\n\t\t<\/section>\n\t\t\t\t<section class=\"elementor-section elementor-top-section elementor-element elementor-element-413c02d elementor-section-boxed elementor-section-height-default elementor-section-height-default\" data-id=\"413c02d\" data-element_type=\"section\">\n\t\t\t\t\t\t<div class=\"elementor-container elementor-column-gap-default\">\n\t\t\t\t\t\t\t<div class=\"elementor-row\">\n\t\t\t\t\t<div class=\"elementor-column elementor-col-50 elementor-top-column elementor-element elementor-element-ef45eec\" data-id=\"ef45eec\" data-element_type=\"column\">\n\t\t\t<div class=\"elementor-column-wrap elementor-element-populated\">\n\t\t\t\t\t\t\t<div class=\"elementor-widget-wrap\">\n\t\t\t\t\t\t<div class=\"elementor-element elementor-element-14ef8dc elementor-widget elementor-widget-heading\" data-id=\"14ef8dc\" data-element_type=\"widget\" data-widget_type=\"heading.default\">\n\t\t\t\t<div class=\"elementor-widget-container\">\n\t\t\t<h2 class=\"elementor-heading-title elementor-size-default\">Tropical Fusion<\/h2>\t\t<\/div>\n\t\t\t\t<\/div>\n\t\t\t\t<div class=\"elementor-element elementor-element-4a43728 elementor-widget elementor-widget-text-editor\" data-id=\"4a43728\" data-element_type=\"widget\" data-widget_type=\"text-editor.default\">\n\t\t\t\t<div class=\"elementor-widget-container\">\n\t\t\t\t\t<div class=\"elementor-text-editor elementor-clearfix\"><p style=\"font-size: 15px; font-style: normal; font-weight: 400;\"><span style=\"font-weight: bold;\"><span style=\"font-size: 12pt; line-height: 17.12px;\">Allergiinformation<\/span><\/span><span style=\"font-size: 12pt; line-height: 17.12px;\">:<br \/>Inneh\u00e5ller s\u00f6tningsmedel.<br \/>Inneh\u00e5ller naturligt koffein.<br \/>Fr\u00e5n grenande aminosyror BCAA 2:1:1 (L-leucin, L-isoleucin, L-valin) 3000 mg.<\/span><\/p><p style=\"font-size: 15px; font-style: normal; font-weight: 400;\">Rekommenderas ej f\u00f6r barn under 15 \u00e5r, gravida eller ammande kvinnor.<\/p><p style=\"font-style: normal; font-weight: 400;\"><span style=\"font-style: inherit; color: var( --e-global-color-text ); font-family: var( --e-global-typography-text-font-family ), Sans-serif;\"><span style=\"line-height: 17.12px;\"><span style=\"font-size: 12pt; font-weight: bold;\">N\u00e4ringsdeklaration per 100 ml<\/span><\/span><\/span><span style=\"font-size: 12pt; font-style: inherit; font-weight: inherit; color: var( --e-global-color-text ); font-family: var( --e-global-typography-text-font-family ), Sans-serif; line-height: 17.12px;\">:<br \/><\/span><span style=\"color: var( --e-global-color-text ); font-family: var( --e-global-typography-text-font-family ), Sans-serif; font-size: 12pt; font-style: inherit; font-weight: inherit;\">Energi \u2013 17 kj\/4 kcal<br \/><\/span><span style=\"color: var( --e-global-color-text ); font-family: var( --e-global-typography-text-font-family ), Sans-serif; font-size: 12pt; font-style: inherit; font-weight: inherit;\">Protein \u2013 0,9 g<br \/><\/span><span style=\"color: var( --e-global-color-text ); font-family: var( --e-global-typography-text-font-family ), Sans-serif; font-size: 12pt; font-style: inherit; font-weight: inherit;\">Salt \u2013 0,09 g<br \/><\/span><span style=\"color: var( --e-global-color-text ); font-family: var( --e-global-typography-text-font-family ), Sans-serif; font-size: 12pt; font-style: inherit; font-weight: inherit;\">Koffein \u2013 30 mg<\/span><\/p><\/div>\n\t\t\t\t<\/div>\n\t\t\t\t<\/div>\n\t\t\t\t\t\t<\/div>\n\t\t\t\t\t<\/div>\n\t\t<\/div>\n\t\t\t\t<div class=\"elementor-column elementor-col-50 elementor-top-column elementor-element elementor-element-1f303b6\" data-id=\"1f303b6\" data-element_type=\"column\">\n\t\t\t<div class=\"elementor-column-wrap elementor-element-populated\">\n\t\t\t\t\t\t\t<div class=\"elementor-widget-wrap\">\n\t\t\t\t\t\t<div class=\"elementor-element elementor-element-19086df elementor-arrows-position-inside elementor-pagination-position-outside elementor-widget elementor-widget-image-carousel\" data-id=\"19086df\" data-element_type=\"widget\" data-settings=\"{&quot;slides_to_show&quot;:&quot;1&quot;,&quot;navigation&quot;:&quot;both&quot;,&quot;autoplay&quot;:&quot;yes&quot;,&quot;pause_on_hover&quot;:&quot;yes&quot;,&quot;pause_on_interaction&quot;:&quot;yes&quot;,&quot;autoplay_speed&quot;:5000,&quot;infinite&quot;:&quot;yes&quot;,&quot;effect&quot;:&quot;slide&quot;,&quot;speed&quot;:500}\" data-widget_type=\"image-carousel.default\">\n\t\t\t\t<div class=\"elementor-widget-container\">\n\t\t\t\t\t<div class=\"elementor-image-carousel-wrapper swiper-container\" dir=\"ltr\">\n\t\t\t<div class=\"elementor-image-carousel swiper-wrapper\">\n\t\t\t\t<div class=\"swiper-slide\"><figure class=\"swiper-slide-inner\"><img class=\"swiper-slide-image\" src=\"http:\/\/wellnessnutrition.se\/wp-content\/uploads\/2021\/01\/BCAA-Tropical.png\" alt=\"BCAA Tropical\" \/><\/figure><\/div><div class=\"swiper-slide\"><figure class=\"swiper-slide-inner\"><img class=\"swiper-slide-image\" src=\"http:\/\/wellnessnutrition.se\/wp-content\/uploads\/2021\/03\/photo-1558647253-37ebf24e0b79-2.png\" alt=\"photo-1558647253-37ebf24e0b79\" \/><\/figure><\/div><div class=\"swiper-slide\"><figure class=\"swiper-slide-inner\"><img class=\"swiper-slide-image\" src=\"http:\/\/wellnessnutrition.se\/wp-content\/uploads\/2021\/03\/photo-1494815654139-edc8163816f7-2.png\" alt=\"photo-1494815654139-edc8163816f7\" \/><\/figure><\/div><div class=\"swiper-slide\"><figure class=\"swiper-slide-inner\"><img class=\"swiper-slide-image\" src=\"http:\/\/wellnessnutrition.se\/wp-content\/uploads\/2021\/03\/photo-1584729868123-b64fa33e2e69-2.png\" alt=\"photo-1584729868123-b64fa33e2e69\" \/><\/figure><\/div><div class=\"swiper-slide\"><figure class=\"swiper-slide-inner\"><img class=\"swiper-slide-image\" src=\"http:\/\/wellnessnutrition.se\/wp-content\/uploads\/2021\/03\/photo-1585349279412-518db7ec7bed-1.png\" alt=\"photo-1585349279412-518db7ec7bed\" \/><\/figure><\/div>\t\t\t<\/div>\n\t\t\t\t\t\t\t\t\t\t\t\t<div class=\"swiper-pagination\"><\/div>\n\t\t\t\t\t\t\t\t\t\t\t\t\t<div class=\"elementor-swiper-button elementor-swiper-button-prev\">\n\t\t\t\t\t\t<i class=\"eicon-chevron-left\" aria-hidden=\"true\"><\/i>\n\t\t\t\t\t\t<span class=\"elementor-screen-only\">Previous<\/span>\n\t\t\t\t\t<\/div>\n\t\t\t\t\t<div class=\"elementor-swiper-button elementor-swiper-button-next\">\n\t\t\t\t\t\t<i class=\"eicon-chevron-right\" aria-hidden=\"true\"><\/i>\n\t\t\t\t\t\t<span class=\"elementor-screen-only\">Next<\/span>\n\t\t\t\t\t<\/div>\n\t\t\t\t\t\t\t\t\t<\/div>\n\t\t\t\t<\/div>\n\t\t\t\t<\/div>\n\t\t\t\t\t\t<\/div>\n\t\t\t\t\t<\/div>\n\t\t<\/div>\n\t\t\t\t\t\t\t\t<\/div>\n\t\t\t\t\t<\/div>\n\t\t<\/section>\n\t\t\t\t<section class=\"elementor-section elementor-top-section elementor-element elementor-element-75a1a62 elementor-section-boxed elementor-section-height-default elementor-section-height-default\" data-id=\"75a1a62\" data-element_type=\"section\">\n\t\t\t\t\t\t<div class=\"elementor-container elementor-column-gap-default\">\n\t\t\t\t\t\t\t<div class=\"elementor-row\">\n\t\t\t\t\t<div class=\"elementor-column elementor-col-50 elementor-top-column elementor-element elementor-element-d555341\" data-id=\"d555341\" data-element_type=\"column\">\n\t\t\t<div class=\"elementor-column-wrap elementor-element-populated\">\n\t\t\t\t\t\t\t<div class=\"elementor-widget-wrap\">\n\t\t\t\t\t\t<div class=\"elementor-element elementor-element-51cca51 elementor-arrows-position-inside elementor-pagination-position-outside elementor-widget elementor-widget-image-carousel\" data-id=\"51cca51\" data-element_type=\"widget\" data-settings=\"{&quot;slides_to_show&quot;:&quot;1&quot;,&quot;navigation&quot;:&quot;both&quot;,&quot;autoplay&quot;:&quot;yes&quot;,&quot;pause_on_hover&quot;:&quot;yes&quot;,&quot;pause_on_interaction&quot;:&quot;yes&quot;,&quot;autoplay_speed&quot;:5000,&quot;infinite&quot;:&quot;yes&quot;,&quot;effect&quot;:&quot;slide&quot;,&quot;speed&quot;:500}\" data-widget_type=\"image-carousel.default\">\n\t\t\t\t<div class=\"elementor-widget-container\">\n\t\t\t\t\t<div class=\"elementor-image-carousel-wrapper swiper-container\" dir=\"ltr\">\n\t\t\t<div class=\"elementor-image-carousel swiper-wrapper\">\n\t\t\t\t<div class=\"swiper-slide\"><figure class=\"swiper-slide-inner\"><img class=\"swiper-slide-image\" src=\"http:\/\/wellnessnutrition.se\/wp-content\/uploads\/2021\/01\/BCAA-Orange-Crush.png\" alt=\"BCAA Orange Crush\" \/><\/figure><\/div><div class=\"swiper-slide\"><figure class=\"swiper-slide-inner\"><img class=\"swiper-slide-image\" src=\"http:\/\/wellnessnutrition.se\/wp-content\/uploads\/2021\/01\/photo-1547514701-42782101795e.png\" alt=\"photo-1547514701-42782101795e\" \/><\/figure><\/div>\t\t\t<\/div>\n\t\t\t\t\t\t\t\t\t\t\t\t<div class=\"swiper-pagination\"><\/div>\n\t\t\t\t\t\t\t\t\t\t\t\t\t<div class=\"elementor-swiper-button elementor-swiper-button-prev\">\n\t\t\t\t\t\t<i class=\"eicon-chevron-left\" aria-hidden=\"true\"><\/i>\n\t\t\t\t\t\t<span class=\"elementor-screen-only\">Previous<\/span>\n\t\t\t\t\t<\/div>\n\t\t\t\t\t<div class=\"elementor-swiper-button elementor-swiper-button-next\">\n\t\t\t\t\t\t<i class=\"eicon-chevron-right\" aria-hidden=\"true\"><\/i>\n\t\t\t\t\t\t<span class=\"elementor-screen-only\">Next<\/span>\n\t\t\t\t\t<\/div>\n\t\t\t\t\t\t\t\t\t<\/div>\n\t\t\t\t<\/div>\n\t\t\t\t<\/div>\n\t\t\t\t\t\t<\/div>\n\t\t\t\t\t<\/div>\n\t\t<\/div>\n\t\t\t\t<div class=\"elementor-column elementor-col-50 elementor-top-column elementor-element elementor-element-0da2dd5\" data-id=\"0da2dd5\" data-element_type=\"column\">\n\t\t\t<div class=\"elementor-column-wrap elementor-element-populated\">\n\t\t\t\t\t\t\t<div class=\"elementor-widget-wrap\">\n\t\t\t\t\t\t<div class=\"elementor-element elementor-element-5dd43e0 elementor-widget elementor-widget-heading\" data-id=\"5dd43e0\" data-element_type=\"widget\" data-widget_type=\"heading.default\">\n\t\t\t\t<div class=\"elementor-widget-container\">\n\t\t\t<h2 class=\"elementor-heading-title elementor-size-default\">Orange Crush<\/h2>\t\t<\/div>\n\t\t\t\t<\/div>\n\t\t\t\t<div class=\"elementor-element elementor-element-0f47500 elementor-widget elementor-widget-text-editor\" data-id=\"0f47500\" data-element_type=\"widget\" data-widget_type=\"text-editor.default\">\n\t\t\t\t<div class=\"elementor-widget-container\">\n\t\t\t\t\t<div class=\"elementor-text-editor elementor-clearfix\"><p><b><span style=\"font-size: 12.0pt; line-height: 107%;\">Allergiinformation<\/span><\/b><span style=\"font-size: 12.0pt; line-height: 107%;\">:<br \/>Inneh\u00e5ller s\u00f6tningsmedel. <br \/>Inneh\u00e5ller naturligt koffein. <br \/>Fr\u00e5n grenande aminosyror BCAA 2:1:1 (L-leucin, L-isoleucin, L-valin) 3000 mg. <br \/><br \/>Rekommenderas ej f\u00f6r barn under 15 \u00e5r, gravida eller ammande kvinnor.<br \/><\/span><span style=\"font-style: inherit; color: var( --e-global-color-text ); font-family: var( --e-global-typography-text-font-family ), Sans-serif;\"><span style=\"font-size: 12pt; line-height: 107%;\"><br \/><b>N\u00e4ringsdeklaration per 100 ml<\/b><\/span><\/span><span style=\"font-style: inherit; font-weight: inherit; color: var( --e-global-color-text ); font-family: var( --e-global-typography-text-font-family ), Sans-serif; font-size: 12pt; line-height: 107%;\">:<br \/><\/span><span style=\"font-size: 12pt; font-style: inherit; font-weight: inherit; color: var( --e-global-color-text ); font-family: var( --e-global-typography-text-font-family ), Sans-serif;\">Energi \u2013 17 kj\/4 kcal<br \/><\/span><span style=\"font-size: 12pt; font-style: inherit; font-weight: inherit; color: var( --e-global-color-text ); font-family: var( --e-global-typography-text-font-family ), Sans-serif;\">Protein \u2013 0,9 g<br \/><\/span><span style=\"font-size: 12pt; font-style: inherit; font-weight: inherit; color: var( --e-global-color-text ); font-family: var( --e-global-typography-text-font-family ), Sans-serif;\">Salt \u2013 0,09 g<br \/><\/span><span style=\"font-size: 12pt; font-style: inherit; font-weight: inherit; color: var( --e-global-color-text ); font-family: var( --e-global-typography-text-font-family ), Sans-serif;\">Koffein \u2013 30 mg<\/span><\/p><\/div>\n\t\t\t\t<\/div>\n\t\t\t\t<\/div>\n\t\t\t\t\t\t<\/div>\n\t\t\t\t\t<\/div>\n\t\t<\/div>\n\t\t\t\t\t\t\t\t<\/div>\n\t\t\t\t\t<\/div>\n\t\t<\/section>\n\t\t\t\t<section class=\"elementor-section elementor-top-section elementor-element elementor-element-5488343 elementor-section-boxed elementor-section-height-default elementor-section-height-default\" data-id=\"5488343\" data-element_type=\"section\">\n\t\t\t\t\t\t<div class=\"elementor-container elementor-column-gap-default\">\n\t\t\t\t\t\t\t<div class=\"elementor-row\">\n\t\t\t\t\t<div class=\"elementor-column elementor-col-50 elementor-top-column elementor-element elementor-element-97182ed\" data-id=\"97182ed\" data-element_type=\"column\">\n\t\t\t<div class=\"elementor-column-wrap elementor-element-populated\">\n\t\t\t\t\t\t\t<div class=\"elementor-widget-wrap\">\n\t\t\t\t\t\t<div class=\"elementor-element elementor-element-a28e40d elementor-widget elementor-widget-heading\" data-id=\"a28e40d\" data-element_type=\"widget\" data-widget_type=\"heading.default\">\n\t\t\t\t<div class=\"elementor-widget-container\">\n\t\t\t<h2 class=\"elementor-heading-title elementor-size-default\">Raspberry Rush<\/h2>\t\t<\/div>\n\t\t\t\t<\/div>\n\t\t\t\t<div class=\"elementor-element elementor-element-1fc219c elementor-widget elementor-widget-text-editor\" data-id=\"1fc219c\" data-element_type=\"widget\" data-widget_type=\"text-editor.default\">\n\t\t\t\t<div class=\"elementor-widget-container\">\n\t\t\t\t\t<div class=\"elementor-text-editor elementor-clearfix\"><p><b><span style=\"font-size:12.0pt;line-height:107%\">Allergiinformation<\/span><\/b><span style=\"font-size:12.0pt;line-height:107%\">:<br>\nInneh\u00e5ller s\u00f6tningsmedel. <br>\nInneh\u00e5ller naturligt koffein. <br>\nFr\u00e5n grenande aminosyror BCAA 2:1:1 (L-leucin, L-isoleucin, L-valin) 3000 mg. <br>\n<br>\nRekommenderas ej f\u00f6r barn under 15 \u00e5r, gravida eller ammande kvinnor.<br><\/span><span style=\"font-style: inherit; color: var( --e-global-color-text ); font-family: var( --e-global-typography-text-font-family ), Sans-serif;\"><span style=\"font-size: 12pt; line-height: 107%;\"><br><b>N\u00e4ringsdeklaration\nper 100 ml<\/b><\/span><\/span><span style=\"font-style: inherit; font-weight: inherit; color: var( --e-global-color-text ); font-family: var( --e-global-typography-text-font-family ), Sans-serif; font-size: 12pt; line-height: 107%;\">:<br><\/span><span style=\"font-size: 12pt; font-style: inherit; font-weight: inherit; color: var( --e-global-color-text ); font-family: var( --e-global-typography-text-font-family ), Sans-serif;\">Energi \u2013 17 kj\/4 kcal<br><\/span><span style=\"font-size: 12pt; font-style: inherit; font-weight: inherit; color: var( --e-global-color-text ); font-family: var( --e-global-typography-text-font-family ), Sans-serif;\">Protein \u2013 0,9 g<br><\/span><span style=\"font-size: 12pt; font-style: inherit; font-weight: inherit; color: var( --e-global-color-text ); font-family: var( --e-global-typography-text-font-family ), Sans-serif;\">Salt \u2013 0,09 g<br><\/span><span style=\"font-size: 12pt; font-style: inherit; font-weight: inherit; color: var( --e-global-color-text ); font-family: var( --e-global-typography-text-font-family ), Sans-serif;\">Koffein \u2013 30 mg<\/span><\/p><\/div>\n\t\t\t\t<\/div>\n\t\t\t\t<\/div>\n\t\t\t\t\t\t<\/div>\n\t\t\t\t\t<\/div>\n\t\t<\/div>\n\t\t\t\t<div class=\"elementor-column elementor-col-50 elementor-top-column elementor-element elementor-element-5af9613\" data-id=\"5af9613\" data-element_type=\"column\">\n\t\t\t<div class=\"elementor-column-wrap elementor-element-populated\">\n\t\t\t\t\t\t\t<div class=\"elementor-widget-wrap\">\n\t\t\t\t\t\t<div class=\"elementor-element elementor-element-0740857 elementor-arrows-position-inside elementor-pagination-position-outside elementor-widget elementor-widget-image-carousel\" data-id=\"0740857\" data-element_type=\"widget\" data-settings=\"{&quot;slides_to_show&quot;:&quot;1&quot;,&quot;navigation&quot;:&quot;both&quot;,&quot;autoplay&quot;:&quot;yes&quot;,&quot;pause_on_hover&quot;:&quot;yes&quot;,&quot;pause_on_interaction&quot;:&quot;yes&quot;,&quot;autoplay_speed&quot;:5000,&quot;infinite&quot;:&quot;yes&quot;,&quot;effect&quot;:&quot;slide&quot;,&quot;speed&quot;:500}\" data-widget_type=\"image-carousel.default\">\n\t\t\t\t<div class=\"elementor-widget-container\">\n\t\t\t\t\t<div class=\"elementor-image-carousel-wrapper swiper-container\" dir=\"ltr\">\n\t\t\t<div class=\"elementor-image-carousel swiper-wrapper\">\n\t\t\t\t<div class=\"swiper-slide\"><figure class=\"swiper-slide-inner\"><img class=\"swiper-slide-image\" src=\"http:\/\/wellnessnutrition.se\/wp-content\/uploads\/2021\/01\/BCAA-Raspberry-Rush.png\" alt=\"BCAA Raspberry Rush\" \/><\/figure><\/div><div class=\"swiper-slide\"><figure class=\"swiper-slide-inner\"><img class=\"swiper-slide-image\" src=\"http:\/\/wellnessnutrition.se\/wp-content\/uploads\/2021\/01\/photo-1583513369312-d404cbaac3eb.png\" alt=\"photo-1583513369312-d404cbaac3eb\" \/><\/figure><\/div><div class=\"swiper-slide\"><figure class=\"swiper-slide-inner\"><img class=\"swiper-slide-image\" src=\"http:\/\/wellnessnutrition.se\/wp-content\/uploads\/2021\/01\/140048979_730878407560964_4752241062082104023_n.jpg\" alt=\"140048979_730878407560964_4752241062082104023_n\" \/><\/figure><\/div>\t\t\t<\/div>\n\t\t\t\t\t\t\t\t\t\t\t\t<div class=\"swiper-pagination\"><\/div>\n\t\t\t\t\t\t\t\t\t\t\t\t\t<div class=\"elementor-swiper-button elementor-swiper-button-prev\">\n\t\t\t\t\t\t<i class=\"eicon-chevron-left\" aria-hidden=\"true\"><\/i>\n\t\t\t\t\t\t<span class=\"elementor-screen-only\">Previous<\/span>\n\t\t\t\t\t<\/div>\n\t\t\t\t\t<div class=\"elementor-swiper-button elementor-swiper-button-next\">\n\t\t\t\t\t\t<i class=\"eicon-chevron-right\" aria-hidden=\"true\"><\/i>\n\t\t\t\t\t\t<span class=\"elementor-screen-only\">Next<\/span>\n\t\t\t\t\t<\/div>\n\t\t\t\t\t\t\t\t\t<\/div>\n\t\t\t\t<\/div>\n\t\t\t\t<\/div>\n\t\t\t\t\t\t<\/div>\n\t\t\t\t\t<\/div>\n\t\t<\/div>\n\t\t\t\t\t\t\t\t<\/div>\n\t\t\t\t\t<\/div>\n\t\t<\/section>\n\t\t\t\t\t\t<\/div>\n\t\t\t\t\t\t<\/div>\n\t\t\t\t\t<\/div>\n\t\t","protected":false},"excerpt":{"rendered":"<p>MY BCAA My BCAA \u00e4r en kolsyrad, sockerfri dryck berikad med BCAA (grenade aminosyror) samt naturligt koffein. Du kan med f\u00f6rdel dricka My BCAA innan och under tr\u00e4ning. Finns i tre olika smaker. Det \u00e4r viktigt med en m\u00e5ngsidig och balanserad kost samt en h\u00e4lsosam livsstil. Tropical Fusion Allergiinformation:Inneh\u00e5ller s\u00f6tningsmedel.Inneh\u00e5ller naturligt koffein.Fr\u00e5n grenande aminosyror BCAA &hellip;<\/p>\n<p class=\"read-more\"> <a class=\"\" href=\"http:\/\/wellnessnutrition.se\/index.php\/my-bcaa\/\"> <span class=\"screen-reader-text\">MY BCAA<\/span> Read More &raquo;<\/a><\/p>\n","protected":false},"author":1,"featured_media":0,"parent":0,"menu_order":0,"comment_status":"closed","ping_status":"closed","template":"","meta":[],"_links":{"self":[{"href":"http:\/\/wellnessnutrition.se\/index.php\/wp-json\/wp\/v2\/pages\/22023"}],"collection":[{"href":"http:\/\/wellnessnutrition.se\/index.php\/wp-json\/wp\/v2\/pages"}],"about":[{"href":"http:\/\/wellnessnutrition.se\/index.php\/wp-json\/wp\/v2\/types\/page"}],"author":[{"embeddable":true,"href":"http:\/\/wellnessnutrition.se\/index.php\/wp-json\/wp\/v2\/users\/1"}],"replies":[{"embeddable":true,"href":"http:\/\/wellnessnutrition.se\/index.php\/wp-json\/wp\/v2\/comments?post=22023"}],"version-history":[{"count":83,"href":"http:\/\/wellnessnutrition.se\/index.php\/wp-json\/wp\/v2\/pages\/22023\/revisions"}],"predecessor-version":[{"id":23232,"href":"http:\/\/wellnessnutrition.se\/index.php\/wp-json\/wp\/v2\/pages\/22023\/revisions\/23232"}],"wp:attachment":[{"href":"http:\/\/wellnessnutrition.se\/index.php\/wp-json\/wp\/v2\/media?parent=22023"}],"curies":[{"name":"wp","href":"https:\/\/api.w.org\/{rel}","templated":true}]}}